{"id":14560,"date":"2025-03-13T09:54:41","date_gmt":"2025-03-13T08:54:41","guid":{"rendered":"https:\/\/makarska-info.hr\/?page_id=14560"},"modified":"2026-02-10T08:13:12","modified_gmt":"2026-02-10T07:13:12","slug":"plaze","status":"publish","type":"page","link":"https:\/\/makarska-info.hr\/en\/plaze\/","title":{"rendered":"Pla\u017ee"},"content":{"rendered":"\t\t<div data-elementor-type=\"wp-page\" data-elementor-id=\"14560\" class=\"elementor elementor-14560\" data-elementor-post-type=\"page\">\n\t\t\t\t<div class=\"elementor-element elementor-element-223d85d4 e-con-full e-flex e-con e-parent\" data-id=\"223d85d4\" data-element_type=\"container\" data-e-type=\"container\" data-settings=\"{&quot;background_background&quot;:&quot;classic&quot;}\">\n\t\t\t\t<\/div>\n\t\t<div class=\"elementor-element elementor-element-33dde100 e-con-full e-flex e-con e-parent\" data-id=\"33dde100\" data-element_type=\"container\" data-e-type=\"container\">\n\t\t<div class=\"elementor-element elementor-element-1330baa3 e-con-full elementor-hidden-mobile_extra elementor-hidden-mobile e-flex e-con e-child\" data-id=\"1330baa3\" data-element_type=\"container\" data-e-type=\"container\" data-settings=\"{&quot;background_background&quot;:&quot;classic&quot;}\">\n\t\t\t\t<\/div>\n\t\t<div class=\"elementor-element elementor-element-7714240f e-con-full e-flex e-con e-child\" data-id=\"7714240f\" data-element_type=\"container\" data-e-type=\"container\">\n\t\t\t\t<div class=\"elementor-element elementor-element-2508e8bd elementor-widget__width-initial elementor-widget elementor-widget-heading\" data-id=\"2508e8bd\" data-element_type=\"widget\" data-e-type=\"widget\" data-widget_type=\"heading.default\">\n\t\t\t\t<div class=\"elementor-widget-container\">\n\t\t\t\t\t<h2 class=\"elementor-heading-title elementor-size-default\">PLA\u017dE<\/h2>\t\t\t\t<\/div>\n\t\t\t\t<\/div>\n\t\t\t\t<div class=\"elementor-element elementor-element-43241d64 elementor-widget__width-initial elementor-widget-mobile__width-initial elementor-widget elementor-widget-text-editor\" data-id=\"43241d64\" data-element_type=\"widget\" data-e-type=\"widget\" data-widget_type=\"text-editor.default\">\n\t\t\t\t<div class=\"elementor-widget-container\">\n\t\t\t\t\t\t\t\t\t<p>Makarske pla\u017ee spadaju me\u0111u najljep\u0161e na hrvatskoj obali. Poznate su po kristalno \u010distom moru, sitnom \u0161ljunku i prirodnom hladu borova. Najpoznatija pla\u017ea u Makarskoj je centralna gradska pla\u017ea koja se prote\u017ee \u010ditavim naseljenim pojasom zapadnog dijela grada, od gradske luke do zadnjih hotelskih objekata.\u00a0Ova duga \u0161ljun\u010dana pla\u017ea savr\u0161ena je za obitelji s djecom i nudi razne sadr\u017eaje. Za one koji vole mirniji ambijent, tu su manje pla\u017ee i uvale poput pla\u017ee Nugal, koja se nalazi ju\u017eno od Makarske. Okru\u017eena je visokim stijenama i gustom borovom \u0161umom, a do nje se mo\u017ee do\u0107i samo pje\u0161ice ili brodom.<\/p>\t\t\t\t\t\t\t\t<\/div>\n\t\t\t\t<\/div>\n\t\t\t\t<\/div>\n\t\t\t\t<\/div>\n\t\t<div class=\"elementor-element elementor-element-4bc3c190 e-con-full e-flex e-con e-parent\" data-id=\"4bc3c190\" data-element_type=\"container\" data-e-type=\"container\">\n\t\t<div class=\"elementor-element elementor-element-f1c884e e-con-full e-flex e-con e-child\" data-id=\"f1c884e\" data-element_type=\"container\" data-e-type=\"container\">\n\t\t\t\t<div class=\"elementor-element elementor-element-ab6cbf5 elementor-widget__width-initial elementor-widget-mobile__width-initial elementor-widget elementor-widget-text-editor\" data-id=\"ab6cbf5\" data-element_type=\"widget\" data-e-type=\"widget\" data-widget_type=\"text-editor.default\">\n\t\t\t\t<div class=\"elementor-widget-container\">\n\t\t\t\t\t\t\t\t\t<p>Zapadno od gradske pla\u017ee slijedi prvo podru\u010dje izdvojenih pla\u017ea zvano Bilo\u0161evac, a potom i Cvita\u010dka, koje se nalaze u nenaseljenom podru\u010dju grada. I ove pla\u017ee nude prirodni hlad i kristalno \u010disto more. Bez obzira na to tra\u017eite li avanturu, obiteljski odmor ili romanti\u010dno skrovito mjesto, makarske pla\u017ee nude ne\u0161to za svakoga. S tirkiznim morem, mirisom borova i pogledom na Biokovo, Makarska ostaje jedno od najatraktivnijih ljetnih odredi\u0161ta u Hrvatskoj.<\/p>\t\t\t\t\t\t\t\t<\/div>\n\t\t\t\t<\/div>\n\t\t\t\t<\/div>\n\t\t<div class=\"elementor-element elementor-element-50e2b612 e-con-full e-flex e-con e-child\" data-id=\"50e2b612\" data-element_type=\"container\" data-e-type=\"container\" data-settings=\"{&quot;background_background&quot;:&quot;classic&quot;,&quot;background_motion_fx_motion_fx_scrolling&quot;:&quot;yes&quot;,&quot;background_motion_fx_opacity_effect&quot;:&quot;yes&quot;,&quot;background_motion_fx_opacity_level&quot;:{&quot;unit&quot;:&quot;px&quot;,&quot;size&quot;:5.9,&quot;sizes&quot;:[]},&quot;background_motion_fx_opacity_direction&quot;:&quot;out-in&quot;,&quot;background_motion_fx_opacity_range&quot;:{&quot;unit&quot;:&quot;%&quot;,&quot;size&quot;:&quot;&quot;,&quot;sizes&quot;:{&quot;start&quot;:20,&quot;end&quot;:80}},&quot;background_motion_fx_devices&quot;:[&quot;widescreen&quot;,&quot;desktop&quot;,&quot;laptop&quot;,&quot;tablet_extra&quot;,&quot;tablet&quot;,&quot;mobile_extra&quot;,&quot;mobile&quot;]}\">\n\t\t\t\t<div class=\"elementor-element elementor-element-d80b778 elementor-invisible elementor-widget elementor-widget-image\" data-id=\"d80b778\" data-element_type=\"widget\" data-e-type=\"widget\" data-settings=\"{&quot;_animation&quot;:&quot;zoomIn&quot;}\" data-widget_type=\"image.default\">\n\t\t\t\t<div class=\"elementor-widget-container\">\n\t\t\t\t\t\t\t\t\t\t\t\t\t\t\t<img fetchpriority=\"high\" decoding=\"async\" width=\"600\" height=\"600\" src=\"https:\/\/makarska-info.hr\/wp-content\/uploads\/2025\/03\/PLAZA.png\" class=\"attachment-full size-full wp-image-14567\" alt=\"\" srcset=\"https:\/\/makarska-info.hr\/wp-content\/uploads\/2025\/03\/PLAZA.png 600w, https:\/\/makarska-info.hr\/wp-content\/uploads\/2025\/03\/PLAZA-300x300.png 300w, https:\/\/makarska-info.hr\/wp-content\/uploads\/2025\/03\/PLAZA-150x150.png 150w\" sizes=\"(max-width: 600px) 100vw, 600px\" \/>\t\t\t\t\t\t\t\t\t\t\t\t\t\t\t<\/div>\n\t\t\t\t<\/div>\n\t\t\t\t<\/div>\n\t\t\t\t<\/div>\n\t\t<div class=\"elementor-element elementor-element-1a3c458 e-con-full e-flex e-con e-parent\" data-id=\"1a3c458\" data-element_type=\"container\" data-e-type=\"container\">\n\t\t\t\t<div class=\"elementor-element elementor-element-e05185e elementor-widget elementor-widget-gallery\" data-id=\"e05185e\" data-element_type=\"widget\" data-e-type=\"widget\" data-settings=\"{&quot;columns&quot;:3,&quot;aspect_ratio&quot;:&quot;4:3&quot;,&quot;lazyload&quot;:&quot;yes&quot;,&quot;gallery_layout&quot;:&quot;grid&quot;,&quot;columns_tablet&quot;:2,&quot;columns_mobile&quot;:1,&quot;gap&quot;:{&quot;unit&quot;:&quot;px&quot;,&quot;size&quot;:10,&quot;sizes&quot;:[]},&quot;gap_widescreen&quot;:{&quot;unit&quot;:&quot;px&quot;,&quot;size&quot;:&quot;&quot;,&quot;sizes&quot;:[]},&quot;gap_laptop&quot;:{&quot;unit&quot;:&quot;px&quot;,&quot;size&quot;:10,&quot;sizes&quot;:[]},&quot;gap_tablet_extra&quot;:{&quot;unit&quot;:&quot;px&quot;,&quot;size&quot;:10,&quot;sizes&quot;:[]},&quot;gap_tablet&quot;:{&quot;unit&quot;:&quot;px&quot;,&quot;size&quot;:10,&quot;sizes&quot;:[]},&quot;gap_mobile_extra&quot;:{&quot;unit&quot;:&quot;px&quot;,&quot;size&quot;:10,&quot;sizes&quot;:[]},&quot;gap_mobile&quot;:{&quot;unit&quot;:&quot;px&quot;,&quot;size&quot;:10,&quot;sizes&quot;:[]},&quot;link_to&quot;:&quot;file&quot;,&quot;overlay_background&quot;:&quot;yes&quot;,&quot;content_hover_animation&quot;:&quot;fade-in&quot;}\" data-widget_type=\"gallery.default\">\n\t\t\t\t<div class=\"elementor-widget-container\">\n\t\t\t\t\t\t\t<div class=\"elementor-gallery__container\">\n\t\t\t\t\t\t\t<a class=\"e-gallery-item elementor-gallery-item elementor-animated-content\" href=\"https:\/\/makarska-info.hr\/wp-content\/uploads\/2025\/03\/Plaza-Deep-M.Begovic.jpg\" data-elementor-open-lightbox=\"yes\" data-elementor-lightbox-slideshow=\"e05185e\" data-elementor-lightbox-title=\"Makarska pla\u017ea\" data-e-action-hash=\"#elementor-action%3Aaction%3Dlightbox%26settings%3DeyJpZCI6MTQ1NzcsInVybCI6Imh0dHBzOlwvXC9tYWthcnNrYS1pbmZvLmhyXC93cC1jb250ZW50XC91cGxvYWRzXC8yMDI1XC8wM1wvUGxhemEtRGVlcC1NLkJlZ292aWMuanBnIiwic2xpZGVzaG93IjoiZTA1MTg1ZSJ9\">\n\t\t\t\t\t<div class=\"e-gallery-image elementor-gallery-item__image\" data-thumbnail=\"https:\/\/makarska-info.hr\/wp-content\/uploads\/2025\/03\/Plaza-Deep-M.Begovic.jpg\" data-width=\"2472\" data-height=\"1648\" aria-label=\"\" role=\"img\" ><\/div>\n\t\t\t\t\t\t\t\t\t\t\t<div class=\"elementor-gallery-item__overlay\"><\/div>\n\t\t\t\t\t\t\t\t\t\t\t\t\t\t<\/a>\n\t\t\t\t\t\t\t<a class=\"e-gallery-item elementor-gallery-item elementor-animated-content\" href=\"https:\/\/makarska-info.hr\/wp-content\/uploads\/2025\/03\/Makarska-plaza-M.Begovic5.jpg\" data-elementor-open-lightbox=\"yes\" data-elementor-lightbox-slideshow=\"e05185e\" data-elementor-lightbox-title=\"Makarska pla\u017ea\" data-e-action-hash=\"#elementor-action%3Aaction%3Dlightbox%26settings%3DeyJpZCI6MTQ1NzUsInVybCI6Imh0dHBzOlwvXC9tYWthcnNrYS1pbmZvLmhyXC93cC1jb250ZW50XC91cGxvYWRzXC8yMDI1XC8wM1wvTWFrYXJza2EtcGxhemEtTS5CZWdvdmljNS5qcGciLCJzbGlkZXNob3ciOiJlMDUxODVlIn0%3D\">\n\t\t\t\t\t<div class=\"e-gallery-image elementor-gallery-item__image\" data-thumbnail=\"https:\/\/makarska-info.hr\/wp-content\/uploads\/2025\/03\/Makarska-plaza-M.Begovic5.jpg\" data-width=\"2654\" data-height=\"1720\" aria-label=\"\" role=\"img\" ><\/div>\n\t\t\t\t\t\t\t\t\t\t\t<div class=\"elementor-gallery-item__overlay\"><\/div>\n\t\t\t\t\t\t\t\t\t\t\t\t\t\t<\/a>\n\t\t\t\t\t\t\t<a class=\"e-gallery-item elementor-gallery-item elementor-animated-content\" href=\"https:\/\/makarska-info.hr\/wp-content\/uploads\/2025\/03\/Makarska-plaza-l33t-Digital-Agency4.jpg\" data-elementor-open-lightbox=\"yes\" data-elementor-lightbox-slideshow=\"e05185e\" data-elementor-lightbox-title=\"Makarska pla\u017ea\" data-e-action-hash=\"#elementor-action%3Aaction%3Dlightbox%26settings%3DeyJpZCI6MTQ1NzMsInVybCI6Imh0dHBzOlwvXC9tYWthcnNrYS1pbmZvLmhyXC93cC1jb250ZW50XC91cGxvYWRzXC8yMDI1XC8wM1wvTWFrYXJza2EtcGxhemEtbDMzdC1EaWdpdGFsLUFnZW5jeTQuanBnIiwic2xpZGVzaG93IjoiZTA1MTg1ZSJ9\">\n\t\t\t\t\t<div class=\"e-gallery-image elementor-gallery-item__image\" data-thumbnail=\"https:\/\/makarska-info.hr\/wp-content\/uploads\/2025\/03\/Makarska-plaza-l33t-Digital-Agency4.jpg\" data-width=\"2446\" data-height=\"1629\" aria-label=\"\" role=\"img\" ><\/div>\n\t\t\t\t\t\t\t\t\t\t\t<div class=\"elementor-gallery-item__overlay\"><\/div>\n\t\t\t\t\t\t\t\t\t\t\t\t\t\t<\/a>\n\t\t\t\t\t\t\t<a class=\"e-gallery-item elementor-gallery-item elementor-animated-content\" href=\"https:\/\/makarska-info.hr\/wp-content\/uploads\/2025\/03\/Sv.Petar-M.Begovic.jpg\" data-elementor-open-lightbox=\"yes\" data-elementor-lightbox-slideshow=\"e05185e\" data-elementor-lightbox-title=\"Makarska pla\u017ea\" data-e-action-hash=\"#elementor-action%3Aaction%3Dlightbox%26settings%3DeyJpZCI6MTQ1ODAsInVybCI6Imh0dHBzOlwvXC9tYWthcnNrYS1pbmZvLmhyXC93cC1jb250ZW50XC91cGxvYWRzXC8yMDI1XC8wM1wvU3YuUGV0YXItTS5CZWdvdmljLmpwZyIsInNsaWRlc2hvdyI6ImUwNTE4NWUifQ%3D%3D\">\n\t\t\t\t\t<div class=\"e-gallery-image elementor-gallery-item__image\" data-thumbnail=\"https:\/\/makarska-info.hr\/wp-content\/uploads\/2025\/03\/Sv.Petar-M.Begovic.jpg\" data-width=\"2016\" data-height=\"1260\" aria-label=\"\" role=\"img\" ><\/div>\n\t\t\t\t\t\t\t\t\t\t\t<div class=\"elementor-gallery-item__overlay\"><\/div>\n\t\t\t\t\t\t\t\t\t\t\t\t\t\t<\/a>\n\t\t\t\t\t\t\t<a class=\"e-gallery-item elementor-gallery-item elementor-animated-content\" href=\"https:\/\/makarska-info.hr\/wp-content\/uploads\/2025\/03\/Makarska-plaza-M.Begovic4.jpg\" data-elementor-open-lightbox=\"yes\" data-elementor-lightbox-slideshow=\"e05185e\" data-elementor-lightbox-title=\"Makarska pla\u017ea\" data-e-action-hash=\"#elementor-action%3Aaction%3Dlightbox%26settings%3DeyJpZCI6MTQ1NzQsInVybCI6Imh0dHBzOlwvXC9tYWthcnNrYS1pbmZvLmhyXC93cC1jb250ZW50XC91cGxvYWRzXC8yMDI1XC8wM1wvTWFrYXJza2EtcGxhemEtTS5CZWdvdmljNC5qcGciLCJzbGlkZXNob3ciOiJlMDUxODVlIn0%3D\">\n\t\t\t\t\t<div class=\"e-gallery-image elementor-gallery-item__image\" data-thumbnail=\"https:\/\/makarska-info.hr\/wp-content\/uploads\/2025\/03\/Makarska-plaza-M.Begovic4.jpg\" data-width=\"2472\" data-height=\"1648\" aria-label=\"\" role=\"img\" ><\/div>\n\t\t\t\t\t\t\t\t\t\t\t<div class=\"elementor-gallery-item__overlay\"><\/div>\n\t\t\t\t\t\t\t\t\t\t\t\t\t\t<\/a>\n\t\t\t\t\t\t\t<a class=\"e-gallery-item elementor-gallery-item elementor-animated-content\" href=\"https:\/\/makarska-info.hr\/wp-content\/uploads\/2025\/03\/Makarska-plaza-l33t-Digital-Agency3.jpg\" data-elementor-open-lightbox=\"yes\" data-elementor-lightbox-slideshow=\"e05185e\" data-elementor-lightbox-title=\"Makarska pla\u017ea\" data-e-action-hash=\"#elementor-action%3Aaction%3Dlightbox%26settings%3DeyJpZCI6MTQ1NzIsInVybCI6Imh0dHBzOlwvXC9tYWthcnNrYS1pbmZvLmhyXC93cC1jb250ZW50XC91cGxvYWRzXC8yMDI1XC8wM1wvTWFrYXJza2EtcGxhemEtbDMzdC1EaWdpdGFsLUFnZW5jeTMuanBnIiwic2xpZGVzaG93IjoiZTA1MTg1ZSJ9\">\n\t\t\t\t\t<div class=\"e-gallery-image elementor-gallery-item__image\" data-thumbnail=\"https:\/\/makarska-info.hr\/wp-content\/uploads\/2025\/03\/Makarska-plaza-l33t-Digital-Agency3.jpg\" data-width=\"2446\" data-height=\"1629\" aria-label=\"\" role=\"img\" ><\/div>\n\t\t\t\t\t\t\t\t\t\t\t<div class=\"elementor-gallery-item__overlay\"><\/div>\n\t\t\t\t\t\t\t\t\t\t\t\t\t\t<\/a>\n\t\t\t\t\t\t\t<a class=\"e-gallery-item elementor-gallery-item elementor-animated-content\" href=\"https:\/\/makarska-info.hr\/wp-content\/uploads\/2025\/03\/Makarska-plaza-l33t-Digital-Agency1.jpg\" data-elementor-open-lightbox=\"yes\" data-elementor-lightbox-slideshow=\"e05185e\" data-elementor-lightbox-title=\"Makarska pla\u017ea\" data-e-action-hash=\"#elementor-action%3Aaction%3Dlightbox%26settings%3DeyJpZCI6MTQ1NzAsInVybCI6Imh0dHBzOlwvXC9tYWthcnNrYS1pbmZvLmhyXC93cC1jb250ZW50XC91cGxvYWRzXC8yMDI1XC8wM1wvTWFrYXJza2EtcGxhemEtbDMzdC1EaWdpdGFsLUFnZW5jeTEuanBnIiwic2xpZGVzaG93IjoiZTA1MTg1ZSJ9\">\n\t\t\t\t\t<div class=\"e-gallery-image elementor-gallery-item__image\" data-thumbnail=\"https:\/\/makarska-info.hr\/wp-content\/uploads\/2025\/03\/Makarska-plaza-l33t-Digital-Agency1.jpg\" data-width=\"2443\" data-height=\"1627\" aria-label=\"\" role=\"img\" ><\/div>\n\t\t\t\t\t\t\t\t\t\t\t<div class=\"elementor-gallery-item__overlay\"><\/div>\n\t\t\t\t\t\t\t\t\t\t\t\t\t\t<\/a>\n\t\t\t\t\t\t\t<a class=\"e-gallery-item elementor-gallery-item elementor-animated-content\" href=\"https:\/\/makarska-info.hr\/wp-content\/uploads\/2025\/03\/Nugal-M.Begovic.jpg\" data-elementor-open-lightbox=\"yes\" data-elementor-lightbox-slideshow=\"e05185e\" data-elementor-lightbox-title=\"Makarska pla\u017ea\" data-e-action-hash=\"#elementor-action%3Aaction%3Dlightbox%26settings%3DeyJpZCI6MTQ1NjYsInVybCI6Imh0dHBzOlwvXC9tYWthcnNrYS1pbmZvLmhyXC93cC1jb250ZW50XC91cGxvYWRzXC8yMDI1XC8wM1wvTnVnYWwtTS5CZWdvdmljLmpwZyIsInNsaWRlc2hvdyI6ImUwNTE4NWUifQ%3D%3D\">\n\t\t\t\t\t<div class=\"e-gallery-image elementor-gallery-item__image\" data-thumbnail=\"https:\/\/makarska-info.hr\/wp-content\/uploads\/2025\/03\/Nugal-M.Begovic.jpg\" data-width=\"1016\" data-height=\"1522\" aria-label=\"\" role=\"img\" ><\/div>\n\t\t\t\t\t\t\t\t\t\t\t<div class=\"elementor-gallery-item__overlay\"><\/div>\n\t\t\t\t\t\t\t\t\t\t\t\t\t\t<\/a>\n\t\t\t\t\t\t\t<a class=\"e-gallery-item elementor-gallery-item elementor-animated-content\" href=\"https:\/\/makarska-info.hr\/wp-content\/uploads\/2025\/03\/Plaza-detalj-V.Rudan_.jpg\" data-elementor-open-lightbox=\"yes\" data-elementor-lightbox-slideshow=\"e05185e\" data-elementor-lightbox-title=\"Makarska pla\u017ea\" data-e-action-hash=\"#elementor-action%3Aaction%3Dlightbox%26settings%3DeyJpZCI6MTQ1NzksInVybCI6Imh0dHBzOlwvXC9tYWthcnNrYS1pbmZvLmhyXC93cC1jb250ZW50XC91cGxvYWRzXC8yMDI1XC8wM1wvUGxhemEtZGV0YWxqLVYuUnVkYW5fLmpwZyIsInNsaWRlc2hvdyI6ImUwNTE4NWUifQ%3D%3D\">\n\t\t\t\t\t<div class=\"e-gallery-image elementor-gallery-item__image\" data-thumbnail=\"https:\/\/makarska-info.hr\/wp-content\/uploads\/2025\/03\/Plaza-detalj-V.Rudan_.jpg\" data-width=\"2720\" data-height=\"1813\" aria-label=\"\" role=\"img\" ><\/div>\n\t\t\t\t\t\t\t\t\t\t\t<div class=\"elementor-gallery-item__overlay\"><\/div>\n\t\t\t\t\t\t\t\t\t\t\t\t\t\t<\/a>\n\t\t\t\t\t<\/div>\n\t\t\t\t\t<\/div>\n\t\t\t\t<\/div>\n\t\t\t\t<\/div>\n\t\t<div class=\"elementor-element elementor-element-4d12c277 e-con-full e-flex e-con e-parent\" data-id=\"4d12c277\" data-element_type=\"container\" data-e-type=\"container\">\n\t\t\t\t<div class=\"elementor-element elementor-element-29dd3396 elementor-widget__width-inherit elementor-widget elementor-widget-google_maps\" data-id=\"29dd3396\" data-element_type=\"widget\" data-e-type=\"widget\" data-widget_type=\"google_maps.default\">\n\t\t\t\t<div class=\"elementor-widget-container\">\n\t\t\t\t\t\t\t<div class=\"elementor-custom-embed\">\n\t\t\t<iframe loading=\"lazy\"\n\t\t\t\t\tsrc=\"https:\/\/maps.google.com\/maps?q=PLA%C5%BDE%20MAKARSKA&#038;t=m&#038;z=13&#038;output=embed&#038;iwloc=near\"\n\t\t\t\t\ttitle=\"PLA\u017dE MAKARSKA\"\n\t\t\t\t\taria-label=\"PLA\u017dE MAKARSKA\"\n\t\t\t><\/iframe>\n\t\t<\/div>\n\t\t\t\t\t\t<\/div>\n\t\t\t\t<\/div>\n\t\t\t\t<\/div>\n\t\t\t\t<\/div>\n\t\t","protected":false},"excerpt":{"rendered":"<p>PLA\u017dE Makarske pla\u017ee spadaju me\u0111u najljep\u0161e na hrvatskoj obali. Poznate su po kristalno \u010distom moru, sitnom \u0161ljunku i prirodnom hladu borova. Najpoznatija pla\u017ea u Makarskoj je centralna gradska pla\u017ea koja&hellip;&nbsp;<a href=\"https:\/\/makarska-info.hr\/en\/plaze\/\" rel=\"bookmark\">Read More &raquo;<span class=\"screen-reader-text\">Pla\u017ee<\/span><\/a><\/p>","protected":false},"author":1,"featured_media":0,"parent":0,"menu_order":0,"comment_status":"closed","ping_status":"closed","template":"","meta":{"neve_meta_sidebar":"","neve_meta_container":"","neve_meta_enable_content_width":"","neve_meta_content_width":0,"neve_meta_title_alignment":"","neve_meta_author_avatar":"","neve_post_elements_order":"","neve_meta_disable_header":"","neve_meta_disable_footer":"","neve_meta_disable_title":"","footnotes":""},"class_list":["post-14560","page","type-page","status-publish","hentry"],"_links":{"self":[{"href":"https:\/\/makarska-info.hr\/en\/wp-json\/wp\/v2\/pages\/14560","targetHints":{"allow":["GET"]}}],"collection":[{"href":"https:\/\/makarska-info.hr\/en\/wp-json\/wp\/v2\/pages"}],"about":[{"href":"https:\/\/makarska-info.hr\/en\/wp-json\/wp\/v2\/types\/page"}],"author":[{"embeddable":true,"href":"https:\/\/makarska-info.hr\/en\/wp-json\/wp\/v2\/users\/1"}],"replies":[{"embeddable":true,"href":"https:\/\/makarska-info.hr\/en\/wp-json\/wp\/v2\/comments?post=14560"}],"version-history":[{"count":17,"href":"https:\/\/makarska-info.hr\/en\/wp-json\/wp\/v2\/pages\/14560\/revisions"}],"predecessor-version":[{"id":22491,"href":"https:\/\/makarska-info.hr\/en\/wp-json\/wp\/v2\/pages\/14560\/revisions\/22491"}],"wp:attachment":[{"href":"https:\/\/makarska-info.hr\/en\/wp-json\/wp\/v2\/media?parent=14560"}],"curies":[{"name":"wp","href":"https:\/\/api.w.org\/{rel}","templated":true}]}}