{"id":14671,"date":"2025-03-17T08:43:41","date_gmt":"2025-03-17T07:43:41","guid":{"rendered":"https:\/\/makarska-info.hr\/?page_id=14671"},"modified":"2026-02-06T07:55:34","modified_gmt":"2026-02-06T06:55:34","slug":"biokovo","status":"publish","type":"page","link":"https:\/\/makarska-info.hr\/en\/biokovo\/","title":{"rendered":"Biokovo"},"content":{"rendered":"\t\t<div data-elementor-type=\"wp-page\" data-elementor-id=\"14671\" class=\"elementor elementor-14671\" data-elementor-post-type=\"page\">\n\t\t\t\t<div class=\"elementor-element elementor-element-5f03fc09 e-con-full e-flex e-con e-parent\" data-id=\"5f03fc09\" data-element_type=\"container\" data-e-type=\"container\" data-settings=\"{&quot;background_background&quot;:&quot;classic&quot;}\">\n\t\t\t\t<\/div>\n\t\t<div class=\"elementor-element elementor-element-578014 e-con-full e-flex e-con e-parent\" data-id=\"578014\" data-element_type=\"container\" data-e-type=\"container\">\n\t\t<div class=\"elementor-element elementor-element-370eb3d3 e-con-full elementor-hidden-mobile_extra elementor-hidden-mobile e-flex e-con e-child\" data-id=\"370eb3d3\" data-element_type=\"container\" data-e-type=\"container\" data-settings=\"{&quot;background_background&quot;:&quot;classic&quot;}\">\n\t\t\t\t<\/div>\n\t\t<div class=\"elementor-element elementor-element-3b5dde22 e-con-full e-flex e-con e-child\" data-id=\"3b5dde22\" data-element_type=\"container\" data-e-type=\"container\">\n\t\t\t\t<div class=\"elementor-element elementor-element-afaa637 elementor-widget__width-initial elementor-widget elementor-widget-heading\" data-id=\"afaa637\" data-element_type=\"widget\" data-e-type=\"widget\" data-widget_type=\"heading.default\">\n\t\t\t\t<div class=\"elementor-widget-container\">\n\t\t\t\t\t<h1 class=\"elementor-heading-title elementor-size-default\">BIOKOVO<\/h1>\t\t\t\t<\/div>\n\t\t\t\t<\/div>\n\t\t\t\t<div class=\"elementor-element elementor-element-7e3ade43 elementor-widget__width-initial elementor-widget-mobile__width-initial elementor-widget elementor-widget-text-editor\" data-id=\"7e3ade43\" data-element_type=\"widget\" data-e-type=\"widget\" data-widget_type=\"text-editor.default\">\n\t\t\t\t<div class=\"elementor-widget-container\">\n\t\t\t\t\t\t\t\t\t<p>Biokovo je poznato po svojoj surovoj ljepoti, strmim liticama i bogatoj flori i fauni. Tijekom povijesti u svom je krilu \u010duvala pu\u010danstvo od napada s mora, a le\u0111a podizala osvaja\u010dima s kopna. Danas je ona prirodni park, izleti\u0161te s mnogim ozna\u010denim planinarskim stazama, endemskim biljnim vrstama i bogatim \u017eivotinjskim svijetom. Jedinstvena je suprotnost izme\u0111u gotovo dvije tisu\u0107e metara visoke snje\u017ena planine i pitomog priobalja. Dovoljno Vam je pola sata vo\u017enje ure\u0111enom cestom kroz prirodni park dok ne dosegnete visine s kojih je pogled na grad i okolne otoke neponovljiv. Na Biokovo mo\u017eete i\u0107i pje\u0161ke ili s automobilom sve do samog vrha Sv. Jure odakle se s jedne strane vidi cijela Makarska rivijera sa otocima, a s druge strane Zagora i Hercegovina.<\/p>\t\t\t\t\t\t\t\t<\/div>\n\t\t\t\t<\/div>\n\t\t\t\t<\/div>\n\t\t\t\t<\/div>\n\t\t<div class=\"elementor-element elementor-element-3d1e4692 e-con-full e-flex e-con e-parent\" data-id=\"3d1e4692\" data-element_type=\"container\" data-e-type=\"container\">\n\t\t<div class=\"elementor-element elementor-element-5008baf5 e-con-full e-flex e-con e-child\" data-id=\"5008baf5\" data-element_type=\"container\" data-e-type=\"container\">\n\t\t<div class=\"elementor-element elementor-element-3ae67fdf e-con-full e-flex e-con e-child\" data-id=\"3ae67fdf\" data-element_type=\"container\" data-e-type=\"container\">\n\t\t\t\t<div class=\"elementor-element elementor-element-a9cc32a elementor-widget__width-initial elementor-widget-mobile__width-initial elementor-widget elementor-widget-text-editor\" data-id=\"a9cc32a\" data-element_type=\"widget\" data-e-type=\"widget\" data-widget_type=\"text-editor.default\">\n\t\t\t\t<div class=\"elementor-widget-container\">\n\t\t\t\t\t\t\t\t\t<p>Ako idete pje\u0161ke po\u017eeljno je dobro se prilagoditi vremenskim uvjetima i imati prikladnu obu\u0107u i odje\u0107u te dosta vode.Uvijek informirajte nekog gdje ste po\u0161li i kojim smjerom jer opreznosti nikad dosta, a dobro je ponijeti mobitel koji \u0107e vam poslu\u017eiti u slu\u010daju opasnosti. Najupe\u010datljiviji i najslo\u017eeniji dio svakako je izgradnja vidikovca u obliku potkove koji se prote\u017ee izvan litice, sa staklenom plohom za hodanje, nazvanog nebeska \u0161etnica \u2013 Skywalk. Izgradnja Skywalka jedinstven je primjer pove\u0107anja atraktivnosti prirodne lokacije zbog svoje \u201cekstremne komponente\u201d, a \u0161to vodi i pove\u0107anju broja posjetitelja. Nalazi se u jugozapadnom dijelu Parka prirode Biokovo na 13. km biokovske ceste. Izgradnja platforme vidikovca izvodi se kao rekonstrukcija i dogradnja postoje\u0107eg vidikovca uz info-centar Ravna vla\u0161ka.<\/p>\t\t\t\t\t\t\t\t<\/div>\n\t\t\t\t<\/div>\n\t\t\t\t<\/div>\n\t\t\t\t<\/div>\n\t\t<div class=\"elementor-element elementor-element-a20e6de e-con-full e-flex e-con e-child\" data-id=\"a20e6de\" data-element_type=\"container\" data-e-type=\"container\" data-settings=\"{&quot;background_background&quot;:&quot;classic&quot;,&quot;background_motion_fx_motion_fx_scrolling&quot;:&quot;yes&quot;,&quot;background_motion_fx_opacity_effect&quot;:&quot;yes&quot;,&quot;background_motion_fx_opacity_level&quot;:{&quot;unit&quot;:&quot;px&quot;,&quot;size&quot;:5.9,&quot;sizes&quot;:[]},&quot;background_motion_fx_opacity_direction&quot;:&quot;out-in&quot;,&quot;background_motion_fx_opacity_range&quot;:{&quot;unit&quot;:&quot;%&quot;,&quot;size&quot;:&quot;&quot;,&quot;sizes&quot;:{&quot;start&quot;:20,&quot;end&quot;:80}},&quot;background_motion_fx_devices&quot;:[&quot;widescreen&quot;,&quot;desktop&quot;,&quot;laptop&quot;,&quot;tablet_extra&quot;,&quot;tablet&quot;,&quot;mobile_extra&quot;,&quot;mobile&quot;]}\">\n\t\t\t\t<div class=\"elementor-element elementor-element-5239b355 elementor-invisible elementor-widget elementor-widget-image\" data-id=\"5239b355\" data-element_type=\"widget\" data-e-type=\"widget\" data-settings=\"{&quot;_animation&quot;:&quot;zoomIn&quot;}\" data-widget_type=\"image.default\">\n\t\t\t\t<div class=\"elementor-widget-container\">\n\t\t\t\t\t\t\t\t\t\t\t\t\t\t\t<img fetchpriority=\"high\" decoding=\"async\" width=\"600\" height=\"600\" src=\"https:\/\/makarska-info.hr\/wp-content\/uploads\/2025\/03\/BIOKOVOO.png\" class=\"attachment-full size-full wp-image-14676\" alt=\"biokovo\" srcset=\"https:\/\/makarska-info.hr\/wp-content\/uploads\/2025\/03\/BIOKOVOO.png 600w, https:\/\/makarska-info.hr\/wp-content\/uploads\/2025\/03\/BIOKOVOO-300x300.png 300w, https:\/\/makarska-info.hr\/wp-content\/uploads\/2025\/03\/BIOKOVOO-150x150.png 150w\" sizes=\"(max-width: 600px) 100vw, 600px\" \/>\t\t\t\t\t\t\t\t\t\t\t\t\t\t\t<\/div>\n\t\t\t\t<\/div>\n\t\t\t\t<\/div>\n\t\t\t\t<\/div>\n\t\t<div class=\"elementor-element elementor-element-3310aa73 e-con-full e-flex e-con e-parent\" data-id=\"3310aa73\" data-element_type=\"container\" data-e-type=\"container\">\n\t\t<div class=\"elementor-element elementor-element-71e204e1 e-con-full e-flex e-con e-child\" data-id=\"71e204e1\" data-element_type=\"container\" data-e-type=\"container\" data-settings=\"{&quot;background_background&quot;:&quot;classic&quot;}\">\n\t\t\t\t<\/div>\n\t\t<div class=\"elementor-element elementor-element-4974d223 e-con-full e-flex e-con e-child\" data-id=\"4974d223\" data-element_type=\"container\" data-e-type=\"container\">\n\t\t\t\t<div class=\"elementor-element elementor-element-91e7738 elementor-widget__width-initial elementor-widget-mobile__width-initial elementor-widget elementor-widget-text-editor\" data-id=\"91e7738\" data-element_type=\"widget\" data-e-type=\"widget\" data-widget_type=\"text-editor.default\">\n\t\t\t\t<div class=\"elementor-widget-container\">\n\t\t\t\t\t\t\t\t\t<p>Vidikovac ima mogu\u0107nost primanja do 50 posjetitelja u isto vrijeme. Do vidikovca Ravna vla\u0161ka i Skywalka posjetitelji dolaze tzv. biokovskom cestom, koja vodi o glavnog ulaza u Park prirode Biokovo, na dr\u017eavnoj cesti D512 (Makarska-Vrgorac) prema najvi\u0161em vrhu Svetom Juri. Za posje\u0107ivanje Park je slu\u017ebeno otvoren od travnja do studenoga, jer u zimskim mjesecima pristup posjetiteljima iz sigurnosnih razloga nije dopu\u0161ten, izme\u0111u ostaloga i zbog zimskih uvjeta na cestama. Vjerujemo da \u0107ete i vi ponijeti nezaboravne trenutke s jedne od najljep\u0161ih planina Hrvatske.<\/p>\t\t\t\t\t\t\t\t<\/div>\n\t\t\t\t<\/div>\n\t\t\t\t<\/div>\n\t\t\t\t<\/div>\n\t\t<div class=\"elementor-element elementor-element-a194b0a e-con-full e-flex e-con e-parent\" data-id=\"a194b0a\" data-element_type=\"container\" data-e-type=\"container\">\n\t\t<div class=\"elementor-element elementor-element-3e70a284 e-con-full e-flex e-con e-child\" data-id=\"3e70a284\" data-element_type=\"container\" data-e-type=\"container\">\n\t\t<div class=\"elementor-element elementor-element-5238eed8 e-con-full e-flex e-con e-child\" data-id=\"5238eed8\" data-element_type=\"container\" data-e-type=\"container\">\n\t\t<div class=\"elementor-element elementor-element-06960b7 e-con-full e-flex elementor-invisible e-con e-child\" data-id=\"06960b7\" data-element_type=\"container\" data-e-type=\"container\" data-settings=\"{&quot;animation&quot;:&quot;fadeInUp&quot;,&quot;animation_delay&quot;:200}\">\n\t\t\t\t<div class=\"elementor-element elementor-element-12d4f2d elementor-widget elementor-widget-heading\" data-id=\"12d4f2d\" data-element_type=\"widget\" data-e-type=\"widget\" data-widget_type=\"heading.default\">\n\t\t\t\t<div class=\"elementor-widget-container\">\n\t\t\t\t\t<h6 class=\"elementor-heading-title elementor-size-default\">pp biokovo<\/h6>\t\t\t\t<\/div>\n\t\t\t\t<\/div>\n\t\t\t\t<div class=\"elementor-element elementor-element-92fe8f0 elementor-mobile-align-center elementor-icon-list--layout-traditional elementor-list-item-link-full_width elementor-widget elementor-widget-icon-list\" data-id=\"92fe8f0\" data-element_type=\"widget\" data-e-type=\"widget\" data-widget_type=\"icon-list.default\">\n\t\t\t\t<div class=\"elementor-widget-container\">\n\t\t\t\t\t\t\t<ul class=\"elementor-icon-list-items\">\n\t\t\t\t\t\t\t<li class=\"elementor-icon-list-item\">\n\t\t\t\t\t\t\t\t\t\t\t<a href=\"mailto:gradskimuzejmakarska@gmail.com\">\n\n\t\t\t\t\t\t\t\t\t\t\t\t<span class=\"elementor-icon-list-icon\">\n\t\t\t\t\t\t\t<i aria-hidden=\"true\" class=\"fas fa-circle\"><\/i>\t\t\t\t\t\t<\/span>\n\t\t\t\t\t\t\t\t\t\t<span class=\"elementor-icon-list-text\">Email: info@pp-biokovo.hr<\/span>\n\t\t\t\t\t\t\t\t\t\t\t<\/a>\n\t\t\t\t\t\t\t\t\t<\/li>\n\t\t\t\t\t\t\t\t<li class=\"elementor-icon-list-item\">\n\t\t\t\t\t\t\t\t\t\t\t<a href=\"tel:+385%2098%20137%203752\">\n\n\t\t\t\t\t\t\t\t\t\t\t\t<span class=\"elementor-icon-list-icon\">\n\t\t\t\t\t\t\t<i aria-hidden=\"true\" class=\"fas fa-phone\"><\/i>\t\t\t\t\t\t<\/span>\n\t\t\t\t\t\t\t\t\t\t<span class=\"elementor-icon-list-text\">Telefon: +385 21 616 924<\/span>\n\t\t\t\t\t\t\t\t\t\t\t<\/a>\n\t\t\t\t\t\t\t\t\t<\/li>\n\t\t\t\t\t\t<\/ul>\n\t\t\t\t\t\t<\/div>\n\t\t\t\t<\/div>\n\t\t\t\t<div class=\"elementor-element elementor-element-ef0176d elementor-widget elementor-widget-text-editor\" data-id=\"ef0176d\" data-element_type=\"widget\" data-e-type=\"widget\" data-widget_type=\"text-editor.default\">\n\t\t\t\t<div class=\"elementor-widget-container\">\n\t\t\t\t\t\t\t\t\t<p>Franjeva\u010dki put 2\/A<br \/>21 300 Makarska<\/p>\t\t\t\t\t\t\t\t<\/div>\n\t\t\t\t<\/div>\n\t\t\t\t<div class=\"elementor-element elementor-element-a4db5bb e-grid-align-left elementor-shape-circle e-grid-align-mobile-center elementor-grid-0 elementor-widget elementor-widget-social-icons\" data-id=\"a4db5bb\" data-element_type=\"widget\" data-e-type=\"widget\" data-widget_type=\"social-icons.default\">\n\t\t\t\t<div class=\"elementor-widget-container\">\n\t\t\t\t\t\t\t<div class=\"elementor-social-icons-wrapper elementor-grid\" role=\"list\">\n\t\t\t\t\t\t\t<span class=\"elementor-grid-item\" role=\"listitem\">\n\t\t\t\t\t<a class=\"elementor-icon elementor-social-icon elementor-social-icon-facebook elementor-repeater-item-56ac127\" href=\"https:\/\/web.facebook.com\/parkprirodebiokovo\/?locale=hr_HR&#038;_rdc=1&#038;_rdr#\" target=\"_blank\" rel=\"noopener\">\n\t\t\t\t\t\t<span class=\"elementor-screen-only\">Facebook<\/span>\n\t\t\t\t\t\t<i aria-hidden=\"true\" class=\"fab fa-facebook\"><\/i>\t\t\t\t\t<\/a>\n\t\t\t\t<\/span>\n\t\t\t\t\t\t\t<span class=\"elementor-grid-item\" role=\"listitem\">\n\t\t\t\t\t<a class=\"elementor-icon elementor-social-icon elementor-social-icon-instagram elementor-repeater-item-50c0ad8\" href=\"https:\/\/www.instagram.com\/nature_park_biokovo\/\" target=\"_blank\" rel=\"noopener\">\n\t\t\t\t\t\t<span class=\"elementor-screen-only\">Instagram<\/span>\n\t\t\t\t\t\t<i aria-hidden=\"true\" class=\"fab fa-instagram\"><\/i>\t\t\t\t\t<\/a>\n\t\t\t\t<\/span>\n\t\t\t\t\t<\/div>\n\t\t\t\t\t\t<\/div>\n\t\t\t\t<\/div>\n\t\t\t\t<div class=\"elementor-element elementor-element-69e69e4 elementor-widget elementor-widget-button\" data-id=\"69e69e4\" data-element_type=\"widget\" data-e-type=\"widget\" data-widget_type=\"button.default\">\n\t\t\t\t<div class=\"elementor-widget-container\">\n\t\t\t\t\t\t\t\t\t<div class=\"elementor-button-wrapper\">\n\t\t\t\t\t<a class=\"elementor-button elementor-button-link elementor-size-sm\" href=\"https:\/\/shop.pp-biokovo.hr\/hr\" target=\"_blank\" rel=\"noopener\">\n\t\t\t\t\t\t<span class=\"elementor-button-content-wrapper\">\n\t\t\t\t\t\t\t\t\t<span class=\"elementor-button-text\">ULAZNICE<\/span>\n\t\t\t\t\t<\/span>\n\t\t\t\t\t<\/a>\n\t\t\t\t<\/div>\n\t\t\t\t\t\t\t\t<\/div>\n\t\t\t\t<\/div>\n\t\t\t\t<\/div>\n\t\t\t\t<\/div>\n\t\t\t\t<\/div>\n\t\t<div class=\"elementor-element elementor-element-10773948 e-con-full e-flex e-con e-child\" data-id=\"10773948\" data-element_type=\"container\" data-e-type=\"container\" data-settings=\"{&quot;background_background&quot;:&quot;classic&quot;,&quot;background_motion_fx_motion_fx_scrolling&quot;:&quot;yes&quot;,&quot;background_motion_fx_opacity_effect&quot;:&quot;yes&quot;,&quot;background_motion_fx_opacity_level&quot;:{&quot;unit&quot;:&quot;px&quot;,&quot;size&quot;:5.9,&quot;sizes&quot;:[]},&quot;background_motion_fx_opacity_direction&quot;:&quot;out-in&quot;,&quot;background_motion_fx_opacity_range&quot;:{&quot;unit&quot;:&quot;%&quot;,&quot;size&quot;:&quot;&quot;,&quot;sizes&quot;:{&quot;start&quot;:20,&quot;end&quot;:80}},&quot;background_motion_fx_devices&quot;:[&quot;widescreen&quot;,&quot;desktop&quot;,&quot;laptop&quot;,&quot;tablet_extra&quot;,&quot;tablet&quot;,&quot;mobile_extra&quot;,&quot;mobile&quot;]}\">\n\t\t\t\t<div class=\"elementor-element elementor-element-45bc723f elementor-invisible elementor-widget elementor-widget-image\" data-id=\"45bc723f\" data-element_type=\"widget\" data-e-type=\"widget\" data-settings=\"{&quot;_animation&quot;:&quot;zoomIn&quot;}\" data-widget_type=\"image.default\">\n\t\t\t\t<div class=\"elementor-widget-container\">\n\t\t\t\t\t\t\t\t\t\t\t\t\t\t\t<img decoding=\"async\" width=\"600\" height=\"600\" src=\"https:\/\/makarska-info.hr\/wp-content\/uploads\/2025\/03\/b.png\" class=\"attachment-full size-full wp-image-14677\" alt=\"biokovo\" srcset=\"https:\/\/makarska-info.hr\/wp-content\/uploads\/2025\/03\/b.png 600w, https:\/\/makarska-info.hr\/wp-content\/uploads\/2025\/03\/b-300x300.png 300w, https:\/\/makarska-info.hr\/wp-content\/uploads\/2025\/03\/b-150x150.png 150w\" sizes=\"(max-width: 600px) 100vw, 600px\" \/>\t\t\t\t\t\t\t\t\t\t\t\t\t\t\t<\/div>\n\t\t\t\t<\/div>\n\t\t\t\t<\/div>\n\t\t\t\t<\/div>\n\t\t<div class=\"elementor-element elementor-element-47466725 e-con-full e-flex e-con e-parent\" data-id=\"47466725\" data-element_type=\"container\" data-e-type=\"container\">\n\t\t\t\t<div class=\"elementor-element elementor-element-3e3478f5 elementor-widget__width-inherit elementor-widget elementor-widget-google_maps\" data-id=\"3e3478f5\" data-element_type=\"widget\" data-e-type=\"widget\" data-widget_type=\"google_maps.default\">\n\t\t\t\t<div class=\"elementor-widget-container\">\n\t\t\t\t\t\t\t<div class=\"elementor-custom-embed\">\n\t\t\t<iframe loading=\"lazy\"\n\t\t\t\t\tsrc=\"https:\/\/maps.google.com\/maps?q=Park%20prirode%20Biokovo&#038;t=m&#038;z=15&#038;output=embed&#038;iwloc=near\"\n\t\t\t\t\ttitle=\"Park prirode Biokovo\"\n\t\t\t\t\taria-label=\"Park prirode Biokovo\"\n\t\t\t><\/iframe>\n\t\t<\/div>\n\t\t\t\t\t\t<\/div>\n\t\t\t\t<\/div>\n\t\t\t\t<\/div>\n\t\t\t\t<\/div>\n\t\t","protected":false},"excerpt":{"rendered":"<p>BIOKOVO Biokovo je poznato po svojoj surovoj ljepoti, strmim liticama i bogatoj flori i fauni. Tijekom povijesti u svom je krilu \u010duvala pu\u010danstvo od napada s mora, a le\u0111a podizala&hellip;&nbsp;<a href=\"https:\/\/makarska-info.hr\/en\/biokovo\/\" rel=\"bookmark\">Read More &raquo;<span class=\"screen-reader-text\">Biokovo<\/span><\/a><\/p>","protected":false},"author":1,"featured_media":0,"parent":0,"menu_order":0,"comment_status":"closed","ping_status":"closed","template":"","meta":{"neve_meta_sidebar":"","neve_meta_container":"","neve_meta_enable_content_width":"","neve_meta_content_width":0,"neve_meta_title_alignment":"","neve_meta_author_avatar":"","neve_post_elements_order":"","neve_meta_disable_header":"","neve_meta_disable_footer":"","neve_meta_disable_title":"","footnotes":""},"class_list":["post-14671","page","type-page","status-publish","hentry"],"_links":{"self":[{"href":"https:\/\/makarska-info.hr\/en\/wp-json\/wp\/v2\/pages\/14671","targetHints":{"allow":["GET"]}}],"collection":[{"href":"https:\/\/makarska-info.hr\/en\/wp-json\/wp\/v2\/pages"}],"about":[{"href":"https:\/\/makarska-info.hr\/en\/wp-json\/wp\/v2\/types\/page"}],"author":[{"embeddable":true,"href":"https:\/\/makarska-info.hr\/en\/wp-json\/wp\/v2\/users\/1"}],"replies":[{"embeddable":true,"href":"https:\/\/makarska-info.hr\/en\/wp-json\/wp\/v2\/comments?post=14671"}],"version-history":[{"count":46,"href":"https:\/\/makarska-info.hr\/en\/wp-json\/wp\/v2\/pages\/14671\/revisions"}],"predecessor-version":[{"id":18627,"href":"https:\/\/makarska-info.hr\/en\/wp-json\/wp\/v2\/pages\/14671\/revisions\/18627"}],"wp:attachment":[{"href":"https:\/\/makarska-info.hr\/en\/wp-json\/wp\/v2\/media?parent=14671"}],"curies":[{"name":"wp","href":"https:\/\/api.w.org\/{rel}","templated":true}]}}