{"id":14728,"date":"2025-03-17T13:16:48","date_gmt":"2025-03-17T12:16:48","guid":{"rendered":"https:\/\/makarska-info.hr\/?page_id=14728"},"modified":"2026-02-10T08:16:25","modified_gmt":"2026-02-10T07:16:25","slug":"poluotoci","status":"publish","type":"page","link":"https:\/\/makarska-info.hr\/en\/poluotoci\/","title":{"rendered":"Poluotoci"},"content":{"rendered":"\t\t<div data-elementor-type=\"wp-page\" data-elementor-id=\"14728\" class=\"elementor elementor-14728\" data-elementor-post-type=\"page\">\n\t\t\t\t<div class=\"elementor-element elementor-element-369767f7 e-con-full e-flex e-con e-parent\" data-id=\"369767f7\" data-element_type=\"container\" data-e-type=\"container\" data-settings=\"{&quot;background_background&quot;:&quot;classic&quot;}\">\n\t\t\t\t<\/div>\n\t\t<div class=\"elementor-element elementor-element-714f0279 e-con-full e-flex e-con e-parent\" data-id=\"714f0279\" data-element_type=\"container\" data-e-type=\"container\">\n\t\t<div class=\"elementor-element elementor-element-3007c93e e-con-full e-flex e-con e-child\" data-id=\"3007c93e\" data-element_type=\"container\" data-e-type=\"container\" data-settings=\"{&quot;background_background&quot;:&quot;classic&quot;}\">\n\t\t\t\t<\/div>\n\t\t<div class=\"elementor-element elementor-element-5cff1374 e-con-full e-flex e-con e-child\" data-id=\"5cff1374\" data-element_type=\"container\" data-e-type=\"container\">\n\t\t\t\t<div class=\"elementor-element elementor-element-e0e6db8 elementor-widget__width-initial elementor-widget elementor-widget-heading\" data-id=\"e0e6db8\" data-element_type=\"widget\" data-e-type=\"widget\" data-widget_type=\"heading.default\">\n\t\t\t\t<div class=\"elementor-widget-container\">\n\t\t\t\t\t<h2 class=\"elementor-heading-title elementor-size-default\">SVETI PETAR<\/h2>\t\t\t\t<\/div>\n\t\t\t\t<\/div>\n\t\t\t\t<div class=\"elementor-element elementor-element-2603e639 elementor-widget__width-initial elementor-widget-mobile__width-initial elementor-widget elementor-widget-text-editor\" data-id=\"2603e639\" data-element_type=\"widget\" data-e-type=\"widget\" data-widget_type=\"text-editor.default\">\n\t\t\t\t<div class=\"elementor-widget-container\">\n\t\t\t\t\t\t\t\t\t<p>Poluotok Sveti Petar predstavlja jedan od najljep\u0161ih prirodnih dragulja Dalmacije. Ovo slikovito mjesto obiluje mediteranskom vegetacijom, vijugavim \u0161etnicama i zadivljuju\u0107im pogledima na Jadransko more i Biokovo. Na vrhu poluotoka smje\u0161ten je svjetionik koji dominira pejza\u017eem, dok se u blizini nalaze romanti\u010dne uvale idealne za opu\u0161tanje. Sveti Petar je i simbol ljubavi \u2013 na njemu se nalazi \u201eklju\u010d ljubavi\u201c gdje zaljubljeni parovi ostavljaju lokote kao znak vje\u010dne privr\u017eenosti. Ovaj poluotok spaja povijest, prirodu i legendu u jedinstven do\u017eivljaj koji svaki posjetitelj pamti.<\/p>\t\t\t\t\t\t\t\t<\/div>\n\t\t\t\t<\/div>\n\t\t\t\t<\/div>\n\t\t\t\t<\/div>\n\t\t<div class=\"elementor-element elementor-element-2e4e205c e-con-full e-flex e-con e-parent\" data-id=\"2e4e205c\" data-element_type=\"container\" data-e-type=\"container\">\n\t\t<div class=\"elementor-element elementor-element-3986475d e-con-full e-flex e-con e-child\" data-id=\"3986475d\" data-element_type=\"container\" data-e-type=\"container\">\n\t\t\t\t<div class=\"elementor-element elementor-element-fc99295 elementor-widget__width-initial elementor-widget elementor-widget-heading\" data-id=\"fc99295\" data-element_type=\"widget\" data-e-type=\"widget\" data-widget_type=\"heading.default\">\n\t\t\t\t<div class=\"elementor-widget-container\">\n\t\t\t\t\t<h2 class=\"elementor-heading-title elementor-size-default\">OSEJAVA<\/h2>\t\t\t\t<\/div>\n\t\t\t\t<\/div>\n\t\t\t\t<div class=\"elementor-element elementor-element-a80b846 elementor-widget__width-initial elementor-widget-mobile__width-initial elementor-widget elementor-widget-text-editor\" data-id=\"a80b846\" data-element_type=\"widget\" data-e-type=\"widget\" data-widget_type=\"text-editor.default\">\n\t\t\t\t<div class=\"elementor-widget-container\">\n\t\t\t\t\t\t\t\t\t<p>Poluotok Osejava, smje\u0161ten na ju\u017enom dijelu Makarske, pravi je raj za one koji tra\u017ee mir i netaknutu prirodu. Gusta borova \u0161uma pru\u017ea osvje\u017eenje u vru\u0107im ljetnim danima, dok uske staze vode do skrovitih pla\u017ea i vidikovaca s kojih se pru\u017ea spektakularan pogled na Makarsku i obli\u017enje otoke. Osejava je omiljeno odredi\u0161te ljubitelja rekreacije, planinarenja i biciklizma, ali i umjetnika i fotografa koji ovdje pronalaze neiscrpan izvor inspiracije. Ovaj poluotok spaja divlju ljepotu s osje\u0107ajem slobode i harmonije, pru\u017eaju\u0107i savr\u0161eno uto\u010di\u0161te od u\u017eurbanog ritma svakodnevice.<\/p>\t\t\t\t\t\t\t\t<\/div>\n\t\t\t\t<\/div>\n\t\t\t\t<\/div>\n\t\t<div class=\"elementor-element elementor-element-1ec987e0 e-con-full elementor-hidden-mobile_extra elementor-hidden-mobile e-flex e-con e-child\" data-id=\"1ec987e0\" data-element_type=\"container\" data-e-type=\"container\" data-settings=\"{&quot;background_background&quot;:&quot;classic&quot;,&quot;background_motion_fx_motion_fx_scrolling&quot;:&quot;yes&quot;,&quot;background_motion_fx_opacity_effect&quot;:&quot;yes&quot;,&quot;background_motion_fx_opacity_level&quot;:{&quot;unit&quot;:&quot;px&quot;,&quot;size&quot;:5.9,&quot;sizes&quot;:[]},&quot;background_motion_fx_opacity_direction&quot;:&quot;out-in&quot;,&quot;background_motion_fx_opacity_range&quot;:{&quot;unit&quot;:&quot;%&quot;,&quot;size&quot;:&quot;&quot;,&quot;sizes&quot;:{&quot;start&quot;:20,&quot;end&quot;:80}},&quot;background_motion_fx_devices&quot;:[&quot;widescreen&quot;,&quot;desktop&quot;,&quot;laptop&quot;,&quot;tablet_extra&quot;,&quot;tablet&quot;,&quot;mobile_extra&quot;,&quot;mobile&quot;]}\">\n\t\t\t\t<\/div>\n\t\t\t\t<\/div>\n\t\t<div class=\"elementor-element elementor-element-e123718 e-con-full e-flex e-con e-parent\" data-id=\"e123718\" data-element_type=\"container\" data-e-type=\"container\">\n\t\t<div class=\"elementor-element elementor-element-f25c740 e-con-full e-flex e-con e-child\" data-id=\"f25c740\" data-element_type=\"container\" data-e-type=\"container\">\n\t\t\t\t<div class=\"elementor-element elementor-element-b08a766 elementor-widget elementor-widget-google_maps\" data-id=\"b08a766\" data-element_type=\"widget\" data-e-type=\"widget\" data-widget_type=\"google_maps.default\">\n\t\t\t\t<div class=\"elementor-widget-container\">\n\t\t\t\t\t\t\t<div class=\"elementor-custom-embed\">\n\t\t\t<iframe loading=\"lazy\"\n\t\t\t\t\tsrc=\"https:\/\/maps.google.com\/maps?q=SVETI%20PETAR%20MAKARSKA&#038;t=m&#038;z=10&#038;output=embed&#038;iwloc=near\"\n\t\t\t\t\ttitle=\"SVETI PETAR MAKARSKA\"\n\t\t\t\t\taria-label=\"SVETI PETAR MAKARSKA\"\n\t\t\t><\/iframe>\n\t\t<\/div>\n\t\t\t\t\t\t<\/div>\n\t\t\t\t<\/div>\n\t\t\t\t<\/div>\n\t\t<div class=\"elementor-element elementor-element-5f1a629 e-con-full e-flex e-con e-child\" data-id=\"5f1a629\" data-element_type=\"container\" data-e-type=\"container\">\n\t\t\t\t<div class=\"elementor-element elementor-element-ed4746e elementor-widget elementor-widget-google_maps\" data-id=\"ed4746e\" data-element_type=\"widget\" data-e-type=\"widget\" data-widget_type=\"google_maps.default\">\n\t\t\t\t<div class=\"elementor-widget-container\">\n\t\t\t\t\t\t\t<div class=\"elementor-custom-embed\">\n\t\t\t<iframe loading=\"lazy\"\n\t\t\t\t\tsrc=\"https:\/\/maps.google.com\/maps?q=PARK%20OSEJAVA%20MAKARSKA&#038;t=m&#038;z=10&#038;output=embed&#038;iwloc=near\"\n\t\t\t\t\ttitle=\"PARK OSEJAVA MAKARSKA\"\n\t\t\t\t\taria-label=\"PARK OSEJAVA MAKARSKA\"\n\t\t\t><\/iframe>\n\t\t<\/div>\n\t\t\t\t\t\t<\/div>\n\t\t\t\t<\/div>\n\t\t\t\t<\/div>\n\t\t\t\t<\/div>\n\t\t\t\t<\/div>\n\t\t","protected":false},"excerpt":{"rendered":"<p>SVETI PETAR Poluotok Sveti Petar predstavlja jedan od najljep\u0161ih prirodnih dragulja Dalmacije. Ovo slikovito mjesto obiluje mediteranskom vegetacijom, vijugavim \u0161etnicama i zadivljuju\u0107im pogledima na Jadransko more i Biokovo. Na vrhu&hellip;&nbsp;<a href=\"https:\/\/makarska-info.hr\/en\/poluotoci\/\" rel=\"bookmark\">Read More &raquo;<span class=\"screen-reader-text\">Poluotoci<\/span><\/a><\/p>","protected":false},"author":1,"featured_media":0,"parent":0,"menu_order":0,"comment_status":"closed","ping_status":"closed","template":"","meta":{"neve_meta_sidebar":"","neve_meta_container":"","neve_meta_enable_content_width":"","neve_meta_content_width":0,"neve_meta_title_alignment":"","neve_meta_author_avatar":"","neve_post_elements_order":"","neve_meta_disable_header":"","neve_meta_disable_footer":"","neve_meta_disable_title":"","footnotes":""},"class_list":["post-14728","page","type-page","status-publish","hentry"],"_links":{"self":[{"href":"https:\/\/makarska-info.hr\/en\/wp-json\/wp\/v2\/pages\/14728","targetHints":{"allow":["GET"]}}],"collection":[{"href":"https:\/\/makarska-info.hr\/en\/wp-json\/wp\/v2\/pages"}],"about":[{"href":"https:\/\/makarska-info.hr\/en\/wp-json\/wp\/v2\/types\/page"}],"author":[{"embeddable":true,"href":"https:\/\/makarska-info.hr\/en\/wp-json\/wp\/v2\/users\/1"}],"replies":[{"embeddable":true,"href":"https:\/\/makarska-info.hr\/en\/wp-json\/wp\/v2\/comments?post=14728"}],"version-history":[{"count":70,"href":"https:\/\/makarska-info.hr\/en\/wp-json\/wp\/v2\/pages\/14728\/revisions"}],"predecessor-version":[{"id":22495,"href":"https:\/\/makarska-info.hr\/en\/wp-json\/wp\/v2\/pages\/14728\/revisions\/22495"}],"wp:attachment":[{"href":"https:\/\/makarska-info.hr\/en\/wp-json\/wp\/v2\/media?parent=14728"}],"curies":[{"name":"wp","href":"https:\/\/api.w.org\/{rel}","templated":true}]}}