{"id":14935,"date":"2025-03-19T07:50:11","date_gmt":"2025-03-19T06:50:11","guid":{"rendered":"https:\/\/makarska-info.hr\/?page_id=14935"},"modified":"2026-02-10T07:38:35","modified_gmt":"2026-02-10T06:38:35","slug":"kalalarga","status":"publish","type":"page","link":"https:\/\/makarska-info.hr\/en\/kalalarga\/","title":{"rendered":"Kalalarga"},"content":{"rendered":"\t\t<div data-elementor-type=\"wp-page\" data-elementor-id=\"14935\" class=\"elementor elementor-14935\" data-elementor-post-type=\"page\">\n\t\t\t\t<div class=\"elementor-element elementor-element-650c6146 e-con-full e-flex e-con e-parent\" data-id=\"650c6146\" data-element_type=\"container\" data-e-type=\"container\" data-settings=\"{&quot;background_background&quot;:&quot;classic&quot;}\">\n\t\t\t\t<\/div>\n\t\t<div class=\"elementor-element elementor-element-6b5ef16e e-con-full e-flex e-con e-parent\" data-id=\"6b5ef16e\" data-element_type=\"container\" data-e-type=\"container\">\n\t\t<div class=\"elementor-element elementor-element-2b40393a e-con-full elementor-hidden-mobile_extra elementor-hidden-mobile e-flex e-con e-child\" data-id=\"2b40393a\" data-element_type=\"container\" data-e-type=\"container\" data-settings=\"{&quot;background_background&quot;:&quot;classic&quot;}\">\n\t\t\t\t<\/div>\n\t\t<div class=\"elementor-element elementor-element-12a8687f e-con-full e-flex e-con e-child\" data-id=\"12a8687f\" data-element_type=\"container\" data-e-type=\"container\">\n\t\t\t\t<div class=\"elementor-element elementor-element-6ccb0e3a elementor-widget__width-initial elementor-widget elementor-widget-heading\" data-id=\"6ccb0e3a\" data-element_type=\"widget\" data-e-type=\"widget\" data-widget_type=\"heading.default\">\n\t\t\t\t<div class=\"elementor-widget-container\">\n\t\t\t\t\t<h1 class=\"elementor-heading-title elementor-size-default\">Kalalarga<\/h1>\t\t\t\t<\/div>\n\t\t\t\t<\/div>\n\t\t\t\t<div class=\"elementor-element elementor-element-3c90b8ad elementor-widget__width-initial elementor-widget-mobile__width-initial elementor-widget elementor-widget-text-editor\" data-id=\"3c90b8ad\" data-element_type=\"widget\" data-e-type=\"widget\" data-widget_type=\"text-editor.default\">\n\t\t\t\t<div class=\"elementor-widget-container\">\n\t\t\t\t\t\t\t\t\t<p>Kalalarga, poznata i kao &#8220;\u0160iroka ulica&#8221;, najstarija je i najva\u017enija ulica u povijesnoj jezgri Makarske. Smje\u0161tena u blizini glavnog gradskog trga, Kalalarga je stolje\u0107ima bila sredi\u0161te dru\u0161tvenog i gospodarskog \u017eivota. Njezina kamena poplo\u010dana staza i autenti\u010dna dalmatinska arhitektura svjedo\u010de o bogatoj pro\u0161losti grada. Ostaci barokne arhitekture i danas su vidljivi u Kalalargi i oko Ka\u010di\u0107evog trga \u2013 prepoznatljivi po rasko\u0161nim kamenim grbovima, elegantnim balkonima, ukra\u0161enim prozorima i monumentalnim ulaznim vratima.<\/p>\t\t\t\t\t\t\t\t<\/div>\n\t\t\t\t<\/div>\n\t\t\t\t<\/div>\n\t\t\t\t<\/div>\n\t\t<div class=\"elementor-element elementor-element-54fedbbe e-con-full e-flex e-con e-parent\" data-id=\"54fedbbe\" data-element_type=\"container\" data-e-type=\"container\">\n\t\t<div class=\"elementor-element elementor-element-43f68d20 e-con-full e-flex e-con e-child\" data-id=\"43f68d20\" data-element_type=\"container\" data-e-type=\"container\">\n\t\t<div class=\"elementor-element elementor-element-7f2e66f9 e-con-full e-flex e-con e-child\" data-id=\"7f2e66f9\" data-element_type=\"container\" data-e-type=\"container\">\n\t\t\t\t<div class=\"elementor-element elementor-element-43369edd elementor-widget__width-initial elementor-widget-mobile__width-initial elementor-widget elementor-widget-text-editor\" data-id=\"43369edd\" data-element_type=\"widget\" data-e-type=\"widget\" data-widget_type=\"text-editor.default\">\n\t\t\t\t<div class=\"elementor-widget-container\">\n\t\t\t\t\t\t\t\t\t<p>Iako su neki dijelovi ulice mijenjali izgled kroz vrijeme, osnovni tlocrt glavnog trga i raspored okolnih ulica ostali su nepromijenjeni do danas. Kalalarga nije bila samo trgova\u010dko i prometno sredi\u0161te, ve\u0107 i mjesto okupljanja, proslava i va\u017enih gradskih doga\u0111anja. Generacije Makarana ovdje su se susretale, trgovale i slavile, \u010dine\u0107i ovu ulicu simbolom zajedni\u0161tva i urbanog identiteta. Danas Kalalarga zadr\u017eava svoj autenti\u010dni \u0161arm, privla\u010de\u0107i posjetitelje svojim povijesnim duhom, kamenim fasadama i atmosferom starog Mediterana. \u0160etnja ovom ulicom prilika je za upoznavanje bogate ba\u0161tine Makarske i do\u017eivljaj njezina jedinstvenog povijesnog ozra\u010dja.<\/p>\t\t\t\t\t\t\t\t<\/div>\n\t\t\t\t<\/div>\n\t\t\t\t<\/div>\n\t\t\t\t<\/div>\n\t\t<div class=\"elementor-element elementor-element-81f331 e-con-full e-flex e-con e-child\" data-id=\"81f331\" data-element_type=\"container\" data-e-type=\"container\" data-settings=\"{&quot;background_background&quot;:&quot;classic&quot;,&quot;background_motion_fx_motion_fx_scrolling&quot;:&quot;yes&quot;,&quot;background_motion_fx_opacity_effect&quot;:&quot;yes&quot;,&quot;background_motion_fx_opacity_level&quot;:{&quot;unit&quot;:&quot;px&quot;,&quot;size&quot;:5.9,&quot;sizes&quot;:[]},&quot;background_motion_fx_opacity_direction&quot;:&quot;out-in&quot;,&quot;background_motion_fx_opacity_range&quot;:{&quot;unit&quot;:&quot;%&quot;,&quot;size&quot;:&quot;&quot;,&quot;sizes&quot;:{&quot;start&quot;:20,&quot;end&quot;:80}},&quot;background_motion_fx_devices&quot;:[&quot;widescreen&quot;,&quot;desktop&quot;,&quot;laptop&quot;,&quot;tablet_extra&quot;,&quot;tablet&quot;,&quot;mobile_extra&quot;,&quot;mobile&quot;]}\">\n\t\t\t\t<div class=\"elementor-element elementor-element-7e2d7501 elementor-invisible elementor-widget elementor-widget-image\" data-id=\"7e2d7501\" data-element_type=\"widget\" data-e-type=\"widget\" data-settings=\"{&quot;_animation&quot;:&quot;zoomIn&quot;}\" data-widget_type=\"image.default\">\n\t\t\t\t<div class=\"elementor-widget-container\">\n\t\t\t\t\t\t\t\t\t\t\t\t\t\t\t<img fetchpriority=\"high\" decoding=\"async\" width=\"600\" height=\"600\" src=\"https:\/\/makarska-info.hr\/wp-content\/uploads\/2025\/03\/kalica.png\" class=\"attachment-full size-full wp-image-14937\" alt=\"\" srcset=\"https:\/\/makarska-info.hr\/wp-content\/uploads\/2025\/03\/kalica.png 600w, https:\/\/makarska-info.hr\/wp-content\/uploads\/2025\/03\/kalica-300x300.png 300w, https:\/\/makarska-info.hr\/wp-content\/uploads\/2025\/03\/kalica-150x150.png 150w\" sizes=\"(max-width: 600px) 100vw, 600px\" \/>\t\t\t\t\t\t\t\t\t\t\t\t\t\t\t<\/div>\n\t\t\t\t<\/div>\n\t\t\t\t<\/div>\n\t\t\t\t<\/div>\n\t\t<div class=\"elementor-element elementor-element-3de7949f e-con-full e-flex e-con e-parent\" data-id=\"3de7949f\" data-element_type=\"container\" data-e-type=\"container\">\n\t\t\t\t<div class=\"elementor-element elementor-element-341d02f0 elementor-widget__width-inherit elementor-widget elementor-widget-google_maps\" data-id=\"341d02f0\" data-element_type=\"widget\" data-e-type=\"widget\" data-widget_type=\"google_maps.default\">\n\t\t\t\t<div class=\"elementor-widget-container\">\n\t\t\t\t\t\t\t<div class=\"elementor-custom-embed\">\n\t\t\t<iframe loading=\"lazy\"\n\t\t\t\t\tsrc=\"https:\/\/maps.google.com\/maps?q=Kalalarga%20Makarska&#038;t=m&#038;z=15&#038;output=embed&#038;iwloc=near\"\n\t\t\t\t\ttitle=\"Kalalarga Makarska\"\n\t\t\t\t\taria-label=\"Kalalarga Makarska\"\n\t\t\t><\/iframe>\n\t\t<\/div>\n\t\t\t\t\t\t<\/div>\n\t\t\t\t<\/div>\n\t\t\t\t<\/div>\n\t\t\t\t<\/div>\n\t\t","protected":false},"excerpt":{"rendered":"<p>Kalalarga Kalalarga, poznata i kao &#8220;\u0160iroka ulica&#8221;, najstarija je i najva\u017enija ulica u povijesnoj jezgri Makarske. Smje\u0161tena u blizini glavnog gradskog trga, Kalalarga je stolje\u0107ima bila sredi\u0161te dru\u0161tvenog i gospodarskog&hellip;&nbsp;<a href=\"https:\/\/makarska-info.hr\/en\/kalalarga\/\" rel=\"bookmark\">Read More &raquo;<span class=\"screen-reader-text\">Kalalarga<\/span><\/a><\/p>","protected":false},"author":1,"featured_media":0,"parent":0,"menu_order":0,"comment_status":"closed","ping_status":"closed","template":"","meta":{"neve_meta_sidebar":"","neve_meta_container":"","neve_meta_enable_content_width":"","neve_meta_content_width":0,"neve_meta_title_alignment":"","neve_meta_author_avatar":"","neve_post_elements_order":"","neve_meta_disable_header":"","neve_meta_disable_footer":"","neve_meta_disable_title":"","footnotes":""},"class_list":["post-14935","page","type-page","status-publish","hentry"],"_links":{"self":[{"href":"https:\/\/makarska-info.hr\/en\/wp-json\/wp\/v2\/pages\/14935","targetHints":{"allow":["GET"]}}],"collection":[{"href":"https:\/\/makarska-info.hr\/en\/wp-json\/wp\/v2\/pages"}],"about":[{"href":"https:\/\/makarska-info.hr\/en\/wp-json\/wp\/v2\/types\/page"}],"author":[{"embeddable":true,"href":"https:\/\/makarska-info.hr\/en\/wp-json\/wp\/v2\/users\/1"}],"replies":[{"embeddable":true,"href":"https:\/\/makarska-info.hr\/en\/wp-json\/wp\/v2\/comments?post=14935"}],"version-history":[{"count":4,"href":"https:\/\/makarska-info.hr\/en\/wp-json\/wp\/v2\/pages\/14935\/revisions"}],"predecessor-version":[{"id":14940,"href":"https:\/\/makarska-info.hr\/en\/wp-json\/wp\/v2\/pages\/14935\/revisions\/14940"}],"wp:attachment":[{"href":"https:\/\/makarska-info.hr\/en\/wp-json\/wp\/v2\/media?parent=14935"}],"curies":[{"name":"wp","href":"https:\/\/api.w.org\/{rel}","templated":true}]}}