{"id":14945,"date":"2025-03-19T09:53:58","date_gmt":"2025-03-19T08:53:58","guid":{"rendered":"https:\/\/makarska-info.hr\/?page_id=14945"},"modified":"2026-02-10T08:04:08","modified_gmt":"2026-02-10T07:04:08","slug":"spomenik-turistu","status":"publish","type":"page","link":"https:\/\/makarska-info.hr\/en\/spomenik-turistu\/","title":{"rendered":"Spomenik turistu"},"content":{"rendered":"\t\t<div data-elementor-type=\"wp-page\" data-elementor-id=\"14945\" class=\"elementor elementor-14945\" data-elementor-post-type=\"page\">\n\t\t\t\t<div class=\"elementor-element elementor-element-13859555 e-con-full e-flex e-con e-parent\" data-id=\"13859555\" data-element_type=\"container\" data-e-type=\"container\" data-settings=\"{&quot;background_background&quot;:&quot;classic&quot;}\">\n\t\t\t\t<\/div>\n\t\t<div class=\"elementor-element elementor-element-c21bc82 e-con-full e-flex e-con e-parent\" data-id=\"c21bc82\" data-element_type=\"container\" data-e-type=\"container\">\n\t\t<div class=\"elementor-element elementor-element-1d586178 e-con-full elementor-hidden-mobile_extra elementor-hidden-mobile e-flex e-con e-child\" data-id=\"1d586178\" data-element_type=\"container\" data-e-type=\"container\" data-settings=\"{&quot;background_background&quot;:&quot;classic&quot;}\">\n\t\t\t\t<\/div>\n\t\t<div class=\"elementor-element elementor-element-6dcc5967 e-con-full e-flex e-con e-child\" data-id=\"6dcc5967\" data-element_type=\"container\" data-e-type=\"container\">\n\t\t\t\t<div class=\"elementor-element elementor-element-61a3ad0b elementor-widget__width-initial elementor-widget elementor-widget-heading\" data-id=\"61a3ad0b\" data-element_type=\"widget\" data-e-type=\"widget\" data-widget_type=\"heading.default\">\n\t\t\t\t<div class=\"elementor-widget-container\">\n\t\t\t\t\t<h2 class=\"elementor-heading-title elementor-size-default\">SPOMENIK TURISTU<\/h2>\t\t\t\t<\/div>\n\t\t\t\t<\/div>\n\t\t\t\t<div class=\"elementor-element elementor-element-7d49077c elementor-widget__width-initial elementor-widget-mobile__width-initial elementor-widget elementor-widget-text-editor\" data-id=\"7d49077c\" data-element_type=\"widget\" data-e-type=\"widget\" data-widget_type=\"text-editor.default\">\n\t\t\t\t<div class=\"elementor-widget-container\">\n\t\t\t\t\t\t\t\t\t<p>Spomenik je postavljen na makarskoj rivi, gdje privla\u010di pa\u017enju brojnih prolaznika i turista. Skulptura prikazuje mladog, zgodnog doma\u0107eg mladi\u0107a \u2013 \u201egaleba\u201c \u2013 u le\u017eernoj pozi, dok mu dru\u0161tvo pravi elegantna strana turistkinja. Njihova poza simbolizira duh pro\u0161lih vremena kada je galebarenje bilo dio lokalne tradicije. Spomenik je na\u010dinjen od bronce, visine oko 205 centimetara, podignut u \u010dast svim turistima koji su posjetili Makarsku.<\/p>\t\t\t\t\t\t\t\t<\/div>\n\t\t\t\t<\/div>\n\t\t\t\t<\/div>\n\t\t\t\t<\/div>\n\t\t<div class=\"elementor-element elementor-element-43675675 e-con-full e-flex e-con e-parent\" data-id=\"43675675\" data-element_type=\"container\" data-e-type=\"container\">\n\t\t<div class=\"elementor-element elementor-element-78337c2c e-con-full e-flex e-con e-child\" data-id=\"78337c2c\" data-element_type=\"container\" data-e-type=\"container\">\n\t\t<div class=\"elementor-element elementor-element-2ee7d280 e-con-full e-flex e-con e-child\" data-id=\"2ee7d280\" data-element_type=\"container\" data-e-type=\"container\">\n\t\t\t\t<div class=\"elementor-element elementor-element-a997705 elementor-widget__width-initial elementor-widget-mobile__width-initial elementor-widget elementor-widget-text-editor\" data-id=\"a997705\" data-element_type=\"widget\" data-e-type=\"widget\" data-widget_type=\"text-editor.default\">\n\t\t\t\t<div class=\"elementor-widget-container\">\n\t\t\t\t\t\t\t\t\t<p>Osim \u0161to odaje po\u010dast turistima, spomenik reflektira i kulturnu dinamiku Makarske, gdje su se lokalni mladi\u0107i \u010desto upu\u0161tali u romanti\u010dne avanture s posjetiteljicama iz inozemstva. Umjetnik Nikola \u0160anjek vje\u0161to je do\u010darao duh tog vremena kroz izra\u017eajne detalje i pokret skulptura, a bron\u010dana povr\u0161ina dodatno pridonosi osje\u0107aju bezvremenosti. Spomenik je postao omiljena atrakcija za fotografiranje, a mnogi posjetitelji rado poziraju pored njega, poku\u0161avaju\u0107i uhvatiti duh mediteranske romantike.<\/p>\t\t\t\t\t\t\t\t<\/div>\n\t\t\t\t<\/div>\n\t\t\t\t<\/div>\n\t\t\t\t<\/div>\n\t\t<div class=\"elementor-element elementor-element-21e24790 e-con-full e-flex e-con e-child\" data-id=\"21e24790\" data-element_type=\"container\" data-e-type=\"container\" data-settings=\"{&quot;background_background&quot;:&quot;classic&quot;,&quot;background_motion_fx_motion_fx_scrolling&quot;:&quot;yes&quot;,&quot;background_motion_fx_opacity_effect&quot;:&quot;yes&quot;,&quot;background_motion_fx_opacity_level&quot;:{&quot;unit&quot;:&quot;px&quot;,&quot;size&quot;:5.9,&quot;sizes&quot;:[]},&quot;background_motion_fx_opacity_direction&quot;:&quot;out-in&quot;,&quot;background_motion_fx_opacity_range&quot;:{&quot;unit&quot;:&quot;%&quot;,&quot;size&quot;:&quot;&quot;,&quot;sizes&quot;:{&quot;start&quot;:20,&quot;end&quot;:80}},&quot;background_motion_fx_devices&quot;:[&quot;widescreen&quot;,&quot;desktop&quot;,&quot;laptop&quot;,&quot;tablet_extra&quot;,&quot;tablet&quot;,&quot;mobile_extra&quot;,&quot;mobile&quot;]}\">\n\t\t\t\t<div class=\"elementor-element elementor-element-657e15d3 elementor-invisible elementor-widget elementor-widget-image\" data-id=\"657e15d3\" data-element_type=\"widget\" data-e-type=\"widget\" data-settings=\"{&quot;_animation&quot;:&quot;zoomIn&quot;}\" data-widget_type=\"image.default\">\n\t\t\t\t<div class=\"elementor-widget-container\">\n\t\t\t\t\t\t\t\t\t\t\t\t\t\t\t<img fetchpriority=\"high\" decoding=\"async\" width=\"1080\" height=\"1616\" src=\"https:\/\/makarska-info.hr\/wp-content\/uploads\/2025\/03\/Spomenik-turistu-G.Basic_.jpg\" class=\"attachment-full size-full wp-image-14827\" alt=\"\" srcset=\"https:\/\/makarska-info.hr\/wp-content\/uploads\/2025\/03\/Spomenik-turistu-G.Basic_.jpg 1080w, https:\/\/makarska-info.hr\/wp-content\/uploads\/2025\/03\/Spomenik-turistu-G.Basic_-200x300.jpg 200w, https:\/\/makarska-info.hr\/wp-content\/uploads\/2025\/03\/Spomenik-turistu-G.Basic_-684x1024.jpg 684w, https:\/\/makarska-info.hr\/wp-content\/uploads\/2025\/03\/Spomenik-turistu-G.Basic_-768x1149.jpg 768w, https:\/\/makarska-info.hr\/wp-content\/uploads\/2025\/03\/Spomenik-turistu-G.Basic_-1027x1536.jpg 1027w\" sizes=\"(max-width: 1080px) 100vw, 1080px\" \/>\t\t\t\t\t\t\t\t\t\t\t\t\t\t\t<\/div>\n\t\t\t\t<\/div>\n\t\t\t\t<\/div>\n\t\t\t\t<\/div>\n\t\t<div class=\"elementor-element elementor-element-343ee865 e-con-full e-flex e-con e-parent\" data-id=\"343ee865\" data-element_type=\"container\" data-e-type=\"container\">\n\t\t\t\t<div class=\"elementor-element elementor-element-397a6f5a elementor-widget__width-inherit elementor-widget elementor-widget-google_maps\" data-id=\"397a6f5a\" data-element_type=\"widget\" data-e-type=\"widget\" data-widget_type=\"google_maps.default\">\n\t\t\t\t<div class=\"elementor-widget-container\">\n\t\t\t\t\t\t\t<div class=\"elementor-custom-embed\">\n\t\t\t<iframe loading=\"lazy\"\n\t\t\t\t\tsrc=\"https:\/\/maps.google.com\/maps?q=Spomenik%20turistu&#038;t=m&#038;z=15&#038;output=embed&#038;iwloc=near\"\n\t\t\t\t\ttitle=\"Spomenik turistu\"\n\t\t\t\t\taria-label=\"Spomenik turistu\"\n\t\t\t><\/iframe>\n\t\t<\/div>\n\t\t\t\t\t\t<\/div>\n\t\t\t\t<\/div>\n\t\t\t\t<\/div>\n\t\t\t\t<\/div>\n\t\t","protected":false},"excerpt":{"rendered":"<p>SPOMENIK TURISTU Spomenik je postavljen na makarskoj rivi, gdje privla\u010di pa\u017enju brojnih prolaznika i turista. Skulptura prikazuje mladog, zgodnog doma\u0107eg mladi\u0107a \u2013 \u201egaleba\u201c \u2013 u le\u017eernoj pozi, dok mu dru\u0161tvo&hellip;&nbsp;<a href=\"https:\/\/makarska-info.hr\/en\/spomenik-turistu\/\" rel=\"bookmark\">Read More &raquo;<span class=\"screen-reader-text\">Spomenik turistu<\/span><\/a><\/p>","protected":false},"author":1,"featured_media":0,"parent":0,"menu_order":0,"comment_status":"closed","ping_status":"closed","template":"","meta":{"neve_meta_sidebar":"","neve_meta_container":"","neve_meta_enable_content_width":"","neve_meta_content_width":0,"neve_meta_title_alignment":"","neve_meta_author_avatar":"","neve_post_elements_order":"","neve_meta_disable_header":"","neve_meta_disable_footer":"","neve_meta_disable_title":"","footnotes":""},"class_list":["post-14945","page","type-page","status-publish","hentry"],"_links":{"self":[{"href":"https:\/\/makarska-info.hr\/en\/wp-json\/wp\/v2\/pages\/14945","targetHints":{"allow":["GET"]}}],"collection":[{"href":"https:\/\/makarska-info.hr\/en\/wp-json\/wp\/v2\/pages"}],"about":[{"href":"https:\/\/makarska-info.hr\/en\/wp-json\/wp\/v2\/types\/page"}],"author":[{"embeddable":true,"href":"https:\/\/makarska-info.hr\/en\/wp-json\/wp\/v2\/users\/1"}],"replies":[{"embeddable":true,"href":"https:\/\/makarska-info.hr\/en\/wp-json\/wp\/v2\/comments?post=14945"}],"version-history":[{"count":8,"href":"https:\/\/makarska-info.hr\/en\/wp-json\/wp\/v2\/pages\/14945\/revisions"}],"predecessor-version":[{"id":22482,"href":"https:\/\/makarska-info.hr\/en\/wp-json\/wp\/v2\/pages\/14945\/revisions\/22482"}],"wp:attachment":[{"href":"https:\/\/makarska-info.hr\/en\/wp-json\/wp\/v2\/media?parent=14945"}],"curies":[{"name":"wp","href":"https:\/\/api.w.org\/{rel}","templated":true}]}}