{"id":14953,"date":"2025-03-19T10:21:24","date_gmt":"2025-03-19T09:21:24","guid":{"rendered":"https:\/\/makarska-info.hr\/?page_id=14953"},"modified":"2026-02-10T08:19:28","modified_gmt":"2026-02-10T07:19:28","slug":"spomenik-kupacu","status":"publish","type":"page","link":"https:\/\/makarska-info.hr\/en\/spomenik-kupacu\/","title":{"rendered":"Spomenik kupa\u010du"},"content":{"rendered":"\t\t<div data-elementor-type=\"wp-page\" data-elementor-id=\"14953\" class=\"elementor elementor-14953\" data-elementor-post-type=\"page\">\n\t\t\t\t<div class=\"elementor-element elementor-element-38ac2ce8 e-con-full e-flex e-con e-parent\" data-id=\"38ac2ce8\" data-element_type=\"container\" data-e-type=\"container\" data-settings=\"{&quot;background_background&quot;:&quot;classic&quot;}\">\n\t\t\t\t<\/div>\n\t\t<div class=\"elementor-element elementor-element-6ba13043 e-con-full e-flex e-con e-parent\" data-id=\"6ba13043\" data-element_type=\"container\" data-e-type=\"container\">\n\t\t<div class=\"elementor-element elementor-element-574a9ab3 e-con-full elementor-hidden-mobile_extra elementor-hidden-mobile e-flex e-con e-child\" data-id=\"574a9ab3\" data-element_type=\"container\" data-e-type=\"container\" data-settings=\"{&quot;background_background&quot;:&quot;classic&quot;}\">\n\t\t\t\t<\/div>\n\t\t<div class=\"elementor-element elementor-element-70bdb56a e-con-full e-flex e-con e-child\" data-id=\"70bdb56a\" data-element_type=\"container\" data-e-type=\"container\">\n\t\t\t\t<div class=\"elementor-element elementor-element-cea2e61 elementor-widget__width-initial elementor-widget elementor-widget-heading\" data-id=\"cea2e61\" data-element_type=\"widget\" data-e-type=\"widget\" data-widget_type=\"heading.default\">\n\t\t\t\t<div class=\"elementor-widget-container\">\n\t\t\t\t\t<h2 class=\"elementor-heading-title elementor-size-default\">SPOMENIK KUPA\u010cU<\/h2>\t\t\t\t<\/div>\n\t\t\t\t<\/div>\n\t\t\t\t<div class=\"elementor-element elementor-element-28993cab elementor-widget__width-initial elementor-widget-mobile__width-initial elementor-widget elementor-widget-text-editor\" data-id=\"28993cab\" data-element_type=\"widget\" data-e-type=\"widget\" data-widget_type=\"text-editor.default\">\n\t\t\t\t<div class=\"elementor-widget-container\">\n\t\t\t\t\t\t\t\t\t<p>Spomenik kupa\u010du poznat kao &#8220;Bonaca&#8221;, jedan je od najprepoznatljivijih simbola grada. Ova umjetni\u010dka instalacija postavljena je 2006. godine povodom obilje\u017eavanja 100. godi\u0161njice turizma u Makarskoj i od tada privla\u010di pa\u017enju doma\u0107ih i stranih posjetitelja. Skulptura prikazuje kupa\u010da u trenutku potpunog prepu\u0161tanja moru \u2013 le\u017ee\u0107i na povr\u0161ini vode s glavom, dijelom trupa i no\u017enim prstima iznad povr\u0161ine.<\/p>\t\t\t\t\t\t\t\t<\/div>\n\t\t\t\t<\/div>\n\t\t\t\t<\/div>\n\t\t\t\t<\/div>\n\t\t<div class=\"elementor-element elementor-element-62a805d5 e-con-full e-flex e-con e-parent\" data-id=\"62a805d5\" data-element_type=\"container\" data-e-type=\"container\">\n\t\t<div class=\"elementor-element elementor-element-4455dbcb e-con-full e-flex e-con e-child\" data-id=\"4455dbcb\" data-element_type=\"container\" data-e-type=\"container\">\n\t\t<div class=\"elementor-element elementor-element-3e1ce4fe e-con-full e-flex e-con e-child\" data-id=\"3e1ce4fe\" data-element_type=\"container\" data-e-type=\"container\">\n\t\t\t\t<div class=\"elementor-element elementor-element-d77f46f elementor-widget__width-initial elementor-widget-mobile__width-initial elementor-widget elementor-widget-text-editor\" data-id=\"d77f46f\" data-element_type=\"widget\" data-e-type=\"widget\" data-widget_type=\"text-editor.default\">\n\t\t\t\t<div class=\"elementor-widget-container\">\n\t\t\t\t\t\t\t\t\t<p>Osim umjetni\u010dke vrijednosti, spomenik kupa\u010du ima i sna\u017enu simboliku. On predstavlja duh Mediterana, ljepotu \u017eivota uz more i opu\u0161teni na\u010din \u017eivota koji karakterizira Makarsku. Nije rijetkost vidjeti prolaznike kako poziraju pored skulpture ili se dive njenim detaljima, \u0161to ju \u010dini nezaobilaznom atrakcijom u gradu. Spomenik kupa\u010du &#8220;Bonaca&#8221; nije samo umjetni\u010dko djelo, ve\u0107 i podsjetnik na dugogodi\u0161nju tradiciju turizma u ovom predivnom primorskom gradu.<\/p>\t\t\t\t\t\t\t\t<\/div>\n\t\t\t\t<\/div>\n\t\t\t\t<\/div>\n\t\t\t\t<\/div>\n\t\t<div class=\"elementor-element elementor-element-511ad910 e-con-full e-flex e-con e-child\" data-id=\"511ad910\" data-element_type=\"container\" data-e-type=\"container\" data-settings=\"{&quot;background_background&quot;:&quot;classic&quot;,&quot;background_motion_fx_motion_fx_scrolling&quot;:&quot;yes&quot;,&quot;background_motion_fx_opacity_effect&quot;:&quot;yes&quot;,&quot;background_motion_fx_opacity_level&quot;:{&quot;unit&quot;:&quot;px&quot;,&quot;size&quot;:5.9,&quot;sizes&quot;:[]},&quot;background_motion_fx_opacity_direction&quot;:&quot;out-in&quot;,&quot;background_motion_fx_opacity_range&quot;:{&quot;unit&quot;:&quot;%&quot;,&quot;size&quot;:&quot;&quot;,&quot;sizes&quot;:{&quot;start&quot;:20,&quot;end&quot;:80}},&quot;background_motion_fx_devices&quot;:[&quot;widescreen&quot;,&quot;desktop&quot;,&quot;laptop&quot;,&quot;tablet_extra&quot;,&quot;tablet&quot;,&quot;mobile_extra&quot;,&quot;mobile&quot;]}\">\n\t\t\t\t<div class=\"elementor-element elementor-element-4e0458e elementor-invisible elementor-widget elementor-widget-image\" data-id=\"4e0458e\" data-element_type=\"widget\" data-e-type=\"widget\" data-settings=\"{&quot;_animation&quot;:&quot;zoomIn&quot;}\" data-widget_type=\"image.default\">\n\t\t\t\t<div class=\"elementor-widget-container\">\n\t\t\t\t\t\t\t\t\t\t\t\t\t\t\t<img fetchpriority=\"high\" decoding=\"async\" width=\"1391\" height=\"1878\" src=\"https:\/\/makarska-info.hr\/wp-content\/uploads\/2025\/03\/Bonaca-2.jpg\" class=\"attachment-full size-full wp-image-14858\" alt=\"\" srcset=\"https:\/\/makarska-info.hr\/wp-content\/uploads\/2025\/03\/Bonaca-2.jpg 1391w, https:\/\/makarska-info.hr\/wp-content\/uploads\/2025\/03\/Bonaca-2-222x300.jpg 222w, https:\/\/makarska-info.hr\/wp-content\/uploads\/2025\/03\/Bonaca-2-758x1024.jpg 758w, https:\/\/makarska-info.hr\/wp-content\/uploads\/2025\/03\/Bonaca-2-768x1037.jpg 768w, https:\/\/makarska-info.hr\/wp-content\/uploads\/2025\/03\/Bonaca-2-1138x1536.jpg 1138w\" sizes=\"(max-width: 1391px) 100vw, 1391px\" \/>\t\t\t\t\t\t\t\t\t\t\t\t\t\t\t<\/div>\n\t\t\t\t<\/div>\n\t\t\t\t<\/div>\n\t\t\t\t<\/div>\n\t\t<div class=\"elementor-element elementor-element-2af7470b e-con-full e-flex e-con e-parent\" data-id=\"2af7470b\" data-element_type=\"container\" data-e-type=\"container\">\n\t\t\t\t<div class=\"elementor-element elementor-element-6ecdcf53 elementor-widget__width-inherit elementor-widget elementor-widget-google_maps\" data-id=\"6ecdcf53\" data-element_type=\"widget\" data-e-type=\"widget\" data-widget_type=\"google_maps.default\">\n\t\t\t\t<div class=\"elementor-widget-container\">\n\t\t\t\t\t\t\t<div class=\"elementor-custom-embed\">\n\t\t\t<iframe loading=\"lazy\"\n\t\t\t\t\tsrc=\"https:\/\/maps.google.com\/maps?q=Gradski%20muzej%20makarska&#038;t=m&#038;z=15&#038;output=embed&#038;iwloc=near\"\n\t\t\t\t\ttitle=\"Gradski muzej makarska\"\n\t\t\t\t\taria-label=\"Gradski muzej makarska\"\n\t\t\t><\/iframe>\n\t\t<\/div>\n\t\t\t\t\t\t<\/div>\n\t\t\t\t<\/div>\n\t\t\t\t<\/div>\n\t\t\t\t<\/div>\n\t\t","protected":false},"excerpt":{"rendered":"<p>SPOMENIK KUPA\u010cU Spomenik kupa\u010du poznat kao &#8220;Bonaca&#8221;, jedan je od najprepoznatljivijih simbola grada. Ova umjetni\u010dka instalacija postavljena je 2006. godine povodom obilje\u017eavanja 100. godi\u0161njice turizma u Makarskoj i od tada&hellip;&nbsp;<a href=\"https:\/\/makarska-info.hr\/en\/spomenik-kupacu\/\" rel=\"bookmark\">Read More &raquo;<span class=\"screen-reader-text\">Spomenik kupa\u010du<\/span><\/a><\/p>","protected":false},"author":1,"featured_media":0,"parent":0,"menu_order":0,"comment_status":"closed","ping_status":"closed","template":"","meta":{"neve_meta_sidebar":"","neve_meta_container":"","neve_meta_enable_content_width":"","neve_meta_content_width":0,"neve_meta_title_alignment":"","neve_meta_author_avatar":"","neve_post_elements_order":"","neve_meta_disable_header":"","neve_meta_disable_footer":"","neve_meta_disable_title":"","footnotes":""},"class_list":["post-14953","page","type-page","status-publish","hentry"],"_links":{"self":[{"href":"https:\/\/makarska-info.hr\/en\/wp-json\/wp\/v2\/pages\/14953","targetHints":{"allow":["GET"]}}],"collection":[{"href":"https:\/\/makarska-info.hr\/en\/wp-json\/wp\/v2\/pages"}],"about":[{"href":"https:\/\/makarska-info.hr\/en\/wp-json\/wp\/v2\/types\/page"}],"author":[{"embeddable":true,"href":"https:\/\/makarska-info.hr\/en\/wp-json\/wp\/v2\/users\/1"}],"replies":[{"embeddable":true,"href":"https:\/\/makarska-info.hr\/en\/wp-json\/wp\/v2\/comments?post=14953"}],"version-history":[{"count":7,"href":"https:\/\/makarska-info.hr\/en\/wp-json\/wp\/v2\/pages\/14953\/revisions"}],"predecessor-version":[{"id":22498,"href":"https:\/\/makarska-info.hr\/en\/wp-json\/wp\/v2\/pages\/14953\/revisions\/22498"}],"wp:attachment":[{"href":"https:\/\/makarska-info.hr\/en\/wp-json\/wp\/v2\/media?parent=14953"}],"curies":[{"name":"wp","href":"https:\/\/api.w.org\/{rel}","templated":true}]}}