{"id":14962,"date":"2025-03-19T10:44:59","date_gmt":"2025-03-19T09:44:59","guid":{"rendered":"https:\/\/makarska-info.hr\/?page_id=14962"},"modified":"2026-02-05T12:44:41","modified_gmt":"2026-02-05T11:44:41","slug":"crkva-sv-filipa","status":"publish","type":"page","link":"https:\/\/makarska-info.hr\/en\/crkva-sv-filipa\/","title":{"rendered":"Crkva sv.Filipa"},"content":{"rendered":"\t\t<div data-elementor-type=\"wp-page\" data-elementor-id=\"14962\" class=\"elementor elementor-14962\" data-elementor-post-type=\"page\">\n\t\t\t\t<div class=\"elementor-element elementor-element-1f88bd5f e-con-full e-flex e-con e-parent\" data-id=\"1f88bd5f\" data-element_type=\"container\" data-e-type=\"container\" data-settings=\"{&quot;background_background&quot;:&quot;classic&quot;}\">\n\t\t\t\t<\/div>\n\t\t<div class=\"elementor-element elementor-element-3ac613b5 e-con-full e-flex e-con e-parent\" data-id=\"3ac613b5\" data-element_type=\"container\" data-e-type=\"container\">\n\t\t<div class=\"elementor-element elementor-element-2f51ebdc e-con-full elementor-hidden-mobile_extra elementor-hidden-mobile e-flex e-con e-child\" data-id=\"2f51ebdc\" data-element_type=\"container\" data-e-type=\"container\" data-settings=\"{&quot;background_background&quot;:&quot;classic&quot;}\">\n\t\t\t\t<\/div>\n\t\t<div class=\"elementor-element elementor-element-9e026a e-con-full e-flex e-con e-child\" data-id=\"9e026a\" data-element_type=\"container\" data-e-type=\"container\">\n\t\t\t\t<div class=\"elementor-element elementor-element-1f055fc7 elementor-widget__width-initial elementor-widget elementor-widget-heading\" data-id=\"1f055fc7\" data-element_type=\"widget\" data-e-type=\"widget\" data-widget_type=\"heading.default\">\n\t\t\t\t<div class=\"elementor-widget-container\">\n\t\t\t\t\t<h1 class=\"elementor-heading-title elementor-size-default\">CRKVA SV.FILIPA<\/h1>\t\t\t\t<\/div>\n\t\t\t\t<\/div>\n\t\t\t\t<div class=\"elementor-element elementor-element-165301d2 elementor-widget__width-initial elementor-widget-mobile__width-initial elementor-widget elementor-widget-text-editor\" data-id=\"165301d2\" data-element_type=\"widget\" data-e-type=\"widget\" data-widget_type=\"text-editor.default\">\n\t\t\t\t<div class=\"elementor-widget-container\">\n\t\t\t\t\t\t\t\t\t<p>Crkva svetog Filipa Nerija smje\u0161tena je na sredi\u0161njem dijelu makarske rive, a njezina gradnja zapo\u010dela je 1758. godine. Ova barokna crkva, koja se svojim pro\u010deljem i odijeljenim zvonikom skladno uklapa u red ku\u0107a, jedno je od najva\u017enijih arhitektonskih i kulturnih obilje\u017eja Makarske. Crkva je izgra\u0111ena u baroknom stilu, a njezinu unutra\u0161njost krasi ba\u010dvasti svod i polukru\u017ena apsida. Zanimljiv detalj unutar crkve je grob njezina graditelja, biskupa Stjepana Bla\u0161kovi\u0107a, koji se nalazi u zidu crkve, s desne strane oltara.<\/p>\t\t\t\t\t\t\t\t<\/div>\n\t\t\t\t<\/div>\n\t\t\t\t<\/div>\n\t\t\t\t<\/div>\n\t\t<div class=\"elementor-element elementor-element-5de45346 e-con-full e-flex e-con e-parent\" data-id=\"5de45346\" data-element_type=\"container\" data-e-type=\"container\">\n\t\t<div class=\"elementor-element elementor-element-36868a11 e-con-full e-flex e-con e-child\" data-id=\"36868a11\" data-element_type=\"container\" data-e-type=\"container\">\n\t\t<div class=\"elementor-element elementor-element-1c031846 e-con-full e-flex e-con e-child\" data-id=\"1c031846\" data-element_type=\"container\" data-e-type=\"container\">\n\t\t\t\t<div class=\"elementor-element elementor-element-4d4ac576 elementor-widget__width-initial elementor-widget-mobile__width-initial elementor-widget elementor-widget-text-editor\" data-id=\"4d4ac576\" data-element_type=\"widget\" data-e-type=\"widget\" data-widget_type=\"text-editor.default\">\n\t\t\t\t<div class=\"elementor-widget-container\">\n\t\t\t\t\t\t\t\t\t<p>Iako je tijekom obnove nakon potresa ostala samo menza baroknog glavnog oltara, crkva je sa\u010duvala svoju povijesnu vrijednost kroz \u010detiri barokna mramorna oltara smje\u0161tena u la\u0111i crkve. Svaki od tih oltara ukra\u0161en je oltarnim palama, koje dodatno oboga\u0107uju unutra\u0161nji prostor crkve. Godine 1968. crkva svetog Filipa Nerija progla\u0161ena je spomenikom kulture, \u010dime je prepoznata njezina va\u017enost u kulturnom i vjerskom \u017eivotu Makarske.<\/p>\t\t\t\t\t\t\t\t<\/div>\n\t\t\t\t<\/div>\n\t\t\t\t<\/div>\n\t\t\t\t<\/div>\n\t\t<div class=\"elementor-element elementor-element-4134c9a7 e-con-full e-flex e-con e-child\" data-id=\"4134c9a7\" data-element_type=\"container\" data-e-type=\"container\" data-settings=\"{&quot;background_background&quot;:&quot;classic&quot;,&quot;background_motion_fx_motion_fx_scrolling&quot;:&quot;yes&quot;,&quot;background_motion_fx_opacity_effect&quot;:&quot;yes&quot;,&quot;background_motion_fx_opacity_level&quot;:{&quot;unit&quot;:&quot;px&quot;,&quot;size&quot;:5.9,&quot;sizes&quot;:[]},&quot;background_motion_fx_opacity_direction&quot;:&quot;out-in&quot;,&quot;background_motion_fx_opacity_range&quot;:{&quot;unit&quot;:&quot;%&quot;,&quot;size&quot;:&quot;&quot;,&quot;sizes&quot;:{&quot;start&quot;:20,&quot;end&quot;:80}},&quot;background_motion_fx_devices&quot;:[&quot;widescreen&quot;,&quot;desktop&quot;,&quot;laptop&quot;,&quot;tablet_extra&quot;,&quot;tablet&quot;,&quot;mobile_extra&quot;,&quot;mobile&quot;]}\">\n\t\t\t\t<div class=\"elementor-element elementor-element-6bec2343 elementor-invisible elementor-widget elementor-widget-image\" data-id=\"6bec2343\" data-element_type=\"widget\" data-e-type=\"widget\" data-settings=\"{&quot;_animation&quot;:&quot;zoomIn&quot;}\" data-widget_type=\"image.default\">\n\t\t\t\t<div class=\"elementor-widget-container\">\n\t\t\t\t\t\t\t\t\t\t\t\t\t\t\t<img fetchpriority=\"high\" decoding=\"async\" width=\"600\" height=\"600\" src=\"https:\/\/makarska-info.hr\/wp-content\/uploads\/2025\/03\/GALERIJA-GOJAK-SLIKA.png\" class=\"attachment-full size-full wp-image-14162\" alt=\"\" srcset=\"https:\/\/makarska-info.hr\/wp-content\/uploads\/2025\/03\/GALERIJA-GOJAK-SLIKA.png 600w, https:\/\/makarska-info.hr\/wp-content\/uploads\/2025\/03\/GALERIJA-GOJAK-SLIKA-300x300.png 300w, https:\/\/makarska-info.hr\/wp-content\/uploads\/2025\/03\/GALERIJA-GOJAK-SLIKA-150x150.png 150w\" sizes=\"(max-width: 600px) 100vw, 600px\" \/>\t\t\t\t\t\t\t\t\t\t\t\t\t\t\t<\/div>\n\t\t\t\t<\/div>\n\t\t\t\t<\/div>\n\t\t\t\t<\/div>\n\t\t<div class=\"elementor-element elementor-element-4e978a67 e-con-full e-flex e-con e-parent\" data-id=\"4e978a67\" data-element_type=\"container\" data-e-type=\"container\">\n\t\t\t\t<div class=\"elementor-element elementor-element-7e70f205 elementor-widget__width-inherit elementor-widget elementor-widget-google_maps\" data-id=\"7e70f205\" data-element_type=\"widget\" data-e-type=\"widget\" data-widget_type=\"google_maps.default\">\n\t\t\t\t<div class=\"elementor-widget-container\">\n\t\t\t\t\t\t\t<div class=\"elementor-custom-embed\">\n\t\t\t<iframe loading=\"lazy\"\n\t\t\t\t\tsrc=\"https:\/\/maps.google.com\/maps?q=CRKVA%20SVETOG%20FILIPA%20MAKARSKA&#038;t=m&#038;z=15&#038;output=embed&#038;iwloc=near\"\n\t\t\t\t\ttitle=\"CRKVA SVETOG FILIPA MAKARSKA\"\n\t\t\t\t\taria-label=\"CRKVA SVETOG FILIPA MAKARSKA\"\n\t\t\t><\/iframe>\n\t\t<\/div>\n\t\t\t\t\t\t<\/div>\n\t\t\t\t<\/div>\n\t\t\t\t<\/div>\n\t\t\t\t<\/div>\n\t\t","protected":false},"excerpt":{"rendered":"<p>CRKVA SV.FILIPA Crkva svetog Filipa Nerija smje\u0161tena je na sredi\u0161njem dijelu makarske rive, a njezina gradnja zapo\u010dela je 1758. godine. Ova barokna crkva, koja se svojim pro\u010deljem i odijeljenim zvonikom&hellip;&nbsp;<a href=\"https:\/\/makarska-info.hr\/en\/crkva-sv-filipa\/\" rel=\"bookmark\">Read More &raquo;<span class=\"screen-reader-text\">Crkva sv.Filipa<\/span><\/a><\/p>","protected":false},"author":1,"featured_media":0,"parent":0,"menu_order":0,"comment_status":"closed","ping_status":"closed","template":"","meta":{"neve_meta_sidebar":"","neve_meta_container":"","neve_meta_enable_content_width":"","neve_meta_content_width":0,"neve_meta_title_alignment":"","neve_meta_author_avatar":"","neve_post_elements_order":"","neve_meta_disable_header":"","neve_meta_disable_footer":"","neve_meta_disable_title":"","footnotes":""},"class_list":["post-14962","page","type-page","status-publish","hentry"],"_links":{"self":[{"href":"https:\/\/makarska-info.hr\/en\/wp-json\/wp\/v2\/pages\/14962","targetHints":{"allow":["GET"]}}],"collection":[{"href":"https:\/\/makarska-info.hr\/en\/wp-json\/wp\/v2\/pages"}],"about":[{"href":"https:\/\/makarska-info.hr\/en\/wp-json\/wp\/v2\/types\/page"}],"author":[{"embeddable":true,"href":"https:\/\/makarska-info.hr\/en\/wp-json\/wp\/v2\/users\/1"}],"replies":[{"embeddable":true,"href":"https:\/\/makarska-info.hr\/en\/wp-json\/wp\/v2\/comments?post=14962"}],"version-history":[{"count":4,"href":"https:\/\/makarska-info.hr\/en\/wp-json\/wp\/v2\/pages\/14962\/revisions"}],"predecessor-version":[{"id":14968,"href":"https:\/\/makarska-info.hr\/en\/wp-json\/wp\/v2\/pages\/14962\/revisions\/14968"}],"wp:attachment":[{"href":"https:\/\/makarska-info.hr\/en\/wp-json\/wp\/v2\/media?parent=14962"}],"curies":[{"name":"wp","href":"https:\/\/api.w.org\/{rel}","templated":true}]}}