{"id":14972,"date":"2025-03-19T12:41:19","date_gmt":"2025-03-19T11:41:19","guid":{"rendered":"https:\/\/makarska-info.hr\/?page_id=14972"},"modified":"2026-02-10T08:00:09","modified_gmt":"2026-02-10T07:00:09","slug":"vepric","status":"publish","type":"page","link":"https:\/\/makarska-info.hr\/en\/vepric\/","title":{"rendered":"Vepric"},"content":{"rendered":"\t\t<div data-elementor-type=\"wp-page\" data-elementor-id=\"14972\" class=\"elementor elementor-14972\" data-elementor-post-type=\"page\">\n\t\t\t\t<div class=\"elementor-element elementor-element-1ec56b5b e-con-full e-flex e-con e-parent\" data-id=\"1ec56b5b\" data-element_type=\"container\" data-e-type=\"container\" data-settings=\"{&quot;background_background&quot;:&quot;classic&quot;}\">\n\t\t\t\t<\/div>\n\t\t<div class=\"elementor-element elementor-element-5688e83 e-con-full e-flex e-con e-parent\" data-id=\"5688e83\" data-element_type=\"container\" data-e-type=\"container\">\n\t\t<div class=\"elementor-element elementor-element-2e0451af e-con-full elementor-hidden-mobile_extra elementor-hidden-mobile e-flex e-con e-child\" data-id=\"2e0451af\" data-element_type=\"container\" data-e-type=\"container\" data-settings=\"{&quot;background_background&quot;:&quot;classic&quot;}\">\n\t\t\t\t<\/div>\n\t\t<div class=\"elementor-element elementor-element-3bae06e5 e-con-full e-flex e-con e-child\" data-id=\"3bae06e5\" data-element_type=\"container\" data-e-type=\"container\">\n\t\t\t\t<div class=\"elementor-element elementor-element-a4985ae elementor-widget__width-initial elementor-widget elementor-widget-heading\" data-id=\"a4985ae\" data-element_type=\"widget\" data-e-type=\"widget\" data-widget_type=\"heading.default\">\n\t\t\t\t<div class=\"elementor-widget-container\">\n\t\t\t\t\t<h2 class=\"elementor-heading-title elementor-size-default\">VEPRIC<\/h2>\t\t\t\t<\/div>\n\t\t\t\t<\/div>\n\t\t\t\t<div class=\"elementor-element elementor-element-67855b20 elementor-widget__width-initial elementor-widget-mobile__width-initial elementor-widget elementor-widget-text-editor\" data-id=\"67855b20\" data-element_type=\"widget\" data-e-type=\"widget\" data-widget_type=\"text-editor.default\">\n\t\t\t\t<div class=\"elementor-widget-container\">\n\t\t\t\t\t\t\t\t\t<p>Smje\u0161teno u netaknutoj prirodi podno veli\u010danskog Biokova, sveti\u0161te Vepric jedno je od najposebnijih u Hrvatskoj. Osnovano 1908. godine po uzoru na poznato sveti\u0161te u Lurdu, Vepric danas privla\u010di brojne hodo\u010dasnike i posjetitelje koji tra\u017ee mir, duhovnu obnovu i nadahnu\u0107e. Vepric odu\u0161evljava svojom prirodnom ljepotom \u2013 kapela, ispovjedaonica, otvoreni oltar i postaje kri\u017enog puta skladno su uklopljeni u okru\u017eenje mediteranskog zelenila, stvaraju\u0107i jedinstvenu atmosferu molitve i ti\u0161ine.<\/p>\t\t\t\t\t\t\t\t<\/div>\n\t\t\t\t<\/div>\n\t\t\t\t<\/div>\n\t\t\t\t<\/div>\n\t\t<div class=\"elementor-element elementor-element-2f33bf26 e-con-full e-flex e-con e-parent\" data-id=\"2f33bf26\" data-element_type=\"container\" data-e-type=\"container\">\n\t\t<div class=\"elementor-element elementor-element-39662ebe e-con-full e-flex e-con e-child\" data-id=\"39662ebe\" data-element_type=\"container\" data-e-type=\"container\">\n\t\t<div class=\"elementor-element elementor-element-5cc3673b e-con-full e-flex e-con e-child\" data-id=\"5cc3673b\" data-element_type=\"container\" data-e-type=\"container\">\n\t\t\t\t<div class=\"elementor-element elementor-element-13a21efe elementor-widget__width-initial elementor-widget-mobile__width-initial elementor-widget elementor-widget-text-editor\" data-id=\"13a21efe\" data-element_type=\"widget\" data-e-type=\"widget\" data-widget_type=\"text-editor.default\">\n\t\t\t\t<div class=\"elementor-widget-container\">\n\t\t\t\t\t\t\t\t\t<p>Sveti\u0161te je otvoreno tijekom cijele godine, a posebno je posje\u0107eno na blagdan Velike i Male Gospe, kada tisu\u0107e vjernika dolaze u ovo sveto mjesto. Osim vjerske dimenzije, Vepric je i idealno mjesto za duhovne susrete i osobna promi\u0161ljanja. Bilo da ste hodo\u010dasnik, turist ili jednostavno tra\u017eite trenutke mira, Vepric vas do\u010dekuje ra\u0161irenih ruku, nude\u0107i vam priliku da osjetite snagu vjere i ljepotu duhovnog sklada. Posjetite Vepric \u2013 sveti\u0161te koje vas poziva da prona\u0111ete mir u srcu prirode.<\/p>\t\t\t\t\t\t\t\t<\/div>\n\t\t\t\t<\/div>\n\t\t\t\t<\/div>\n\t\t\t\t<\/div>\n\t\t<div class=\"elementor-element elementor-element-52776b24 e-con-full e-flex e-con e-child\" data-id=\"52776b24\" data-element_type=\"container\" data-e-type=\"container\" data-settings=\"{&quot;background_background&quot;:&quot;classic&quot;,&quot;background_motion_fx_motion_fx_scrolling&quot;:&quot;yes&quot;,&quot;background_motion_fx_opacity_effect&quot;:&quot;yes&quot;,&quot;background_motion_fx_opacity_level&quot;:{&quot;unit&quot;:&quot;px&quot;,&quot;size&quot;:5.9,&quot;sizes&quot;:[]},&quot;background_motion_fx_opacity_direction&quot;:&quot;out-in&quot;,&quot;background_motion_fx_opacity_range&quot;:{&quot;unit&quot;:&quot;%&quot;,&quot;size&quot;:&quot;&quot;,&quot;sizes&quot;:{&quot;start&quot;:20,&quot;end&quot;:80}},&quot;background_motion_fx_devices&quot;:[&quot;widescreen&quot;,&quot;desktop&quot;,&quot;laptop&quot;,&quot;tablet_extra&quot;,&quot;tablet&quot;,&quot;mobile_extra&quot;,&quot;mobile&quot;]}\">\n\t\t\t\t<div class=\"elementor-element elementor-element-394c005e elementor-invisible elementor-widget elementor-widget-image\" data-id=\"394c005e\" data-element_type=\"widget\" data-e-type=\"widget\" data-settings=\"{&quot;_animation&quot;:&quot;zoomIn&quot;}\" data-widget_type=\"image.default\">\n\t\t\t\t<div class=\"elementor-widget-container\">\n\t\t\t\t\t\t\t\t\t\t\t\t\t\t\t<img fetchpriority=\"high\" decoding=\"async\" width=\"600\" height=\"600\" src=\"https:\/\/makarska-info.hr\/wp-content\/uploads\/2025\/03\/VEPRIC-600.png\" class=\"attachment-full size-full wp-image-14975\" alt=\"\" srcset=\"https:\/\/makarska-info.hr\/wp-content\/uploads\/2025\/03\/VEPRIC-600.png 600w, https:\/\/makarska-info.hr\/wp-content\/uploads\/2025\/03\/VEPRIC-600-300x300.png 300w, https:\/\/makarska-info.hr\/wp-content\/uploads\/2025\/03\/VEPRIC-600-150x150.png 150w\" sizes=\"(max-width: 600px) 100vw, 600px\" \/>\t\t\t\t\t\t\t\t\t\t\t\t\t\t\t<\/div>\n\t\t\t\t<\/div>\n\t\t\t\t<\/div>\n\t\t\t\t<\/div>\n\t\t<div class=\"elementor-element elementor-element-7e33ce5c e-con-full e-flex e-con e-parent\" data-id=\"7e33ce5c\" data-element_type=\"container\" data-e-type=\"container\">\n\t\t\t\t<div class=\"elementor-element elementor-element-113d9f6f elementor-widget__width-inherit elementor-widget elementor-widget-google_maps\" data-id=\"113d9f6f\" data-element_type=\"widget\" data-e-type=\"widget\" data-widget_type=\"google_maps.default\">\n\t\t\t\t<div class=\"elementor-widget-container\">\n\t\t\t\t\t\t\t<div class=\"elementor-custom-embed\">\n\t\t\t<iframe loading=\"lazy\"\n\t\t\t\t\tsrc=\"https:\/\/maps.google.com\/maps?q=Vepric&#038;t=m&#038;z=15&#038;output=embed&#038;iwloc=near\"\n\t\t\t\t\ttitle=\"Vepric\"\n\t\t\t\t\taria-label=\"Vepric\"\n\t\t\t><\/iframe>\n\t\t<\/div>\n\t\t\t\t\t\t<\/div>\n\t\t\t\t<\/div>\n\t\t\t\t<\/div>\n\t\t\t\t<\/div>\n\t\t","protected":false},"excerpt":{"rendered":"<p>VEPRIC Smje\u0161teno u netaknutoj prirodi podno veli\u010danskog Biokova, sveti\u0161te Vepric jedno je od najposebnijih u Hrvatskoj. Osnovano 1908. godine po uzoru na poznato sveti\u0161te u Lurdu, Vepric danas privla\u010di brojne&hellip;&nbsp;<a href=\"https:\/\/makarska-info.hr\/en\/vepric\/\" rel=\"bookmark\">Read More &raquo;<span class=\"screen-reader-text\">Vepric<\/span><\/a><\/p>","protected":false},"author":1,"featured_media":0,"parent":0,"menu_order":0,"comment_status":"closed","ping_status":"closed","template":"","meta":{"neve_meta_sidebar":"","neve_meta_container":"","neve_meta_enable_content_width":"","neve_meta_content_width":0,"neve_meta_title_alignment":"","neve_meta_author_avatar":"","neve_post_elements_order":"","neve_meta_disable_header":"","neve_meta_disable_footer":"","neve_meta_disable_title":"","footnotes":""},"class_list":["post-14972","page","type-page","status-publish","hentry"],"_links":{"self":[{"href":"https:\/\/makarska-info.hr\/en\/wp-json\/wp\/v2\/pages\/14972","targetHints":{"allow":["GET"]}}],"collection":[{"href":"https:\/\/makarska-info.hr\/en\/wp-json\/wp\/v2\/pages"}],"about":[{"href":"https:\/\/makarska-info.hr\/en\/wp-json\/wp\/v2\/types\/page"}],"author":[{"embeddable":true,"href":"https:\/\/makarska-info.hr\/en\/wp-json\/wp\/v2\/users\/1"}],"replies":[{"embeddable":true,"href":"https:\/\/makarska-info.hr\/en\/wp-json\/wp\/v2\/comments?post=14972"}],"version-history":[{"count":7,"href":"https:\/\/makarska-info.hr\/en\/wp-json\/wp\/v2\/pages\/14972\/revisions"}],"predecessor-version":[{"id":22473,"href":"https:\/\/makarska-info.hr\/en\/wp-json\/wp\/v2\/pages\/14972\/revisions\/22473"}],"wp:attachment":[{"href":"https:\/\/makarska-info.hr\/en\/wp-json\/wp\/v2\/media?parent=14972"}],"curies":[{"name":"wp","href":"https:\/\/api.w.org\/{rel}","templated":true}]}}