{"id":14994,"date":"2025-03-19T13:05:05","date_gmt":"2025-03-19T12:05:05","guid":{"rendered":"https:\/\/makarska-info.hr\/?page_id=14994"},"modified":"2026-02-10T07:40:48","modified_gmt":"2026-02-10T06:40:48","slug":"katedrala-sv-marka","status":"publish","type":"page","link":"https:\/\/makarska-info.hr\/en\/katedrala-sv-marka\/","title":{"rendered":"ST. MARK'S CHURCH"},"content":{"rendered":"\t\t<div data-elementor-type=\"wp-page\" data-elementor-id=\"14994\" class=\"elementor elementor-14994\" data-elementor-post-type=\"page\">\n\t\t\t\t<div class=\"elementor-element elementor-element-39014802 e-con-full e-flex e-con e-parent\" data-id=\"39014802\" data-element_type=\"container\" data-e-type=\"container\" data-settings=\"{&quot;background_background&quot;:&quot;classic&quot;}\">\n\t\t\t\t<\/div>\n\t\t<div class=\"elementor-element elementor-element-2dfba224 e-con-full e-flex e-con e-parent\" data-id=\"2dfba224\" data-element_type=\"container\" data-e-type=\"container\">\n\t\t<div class=\"elementor-element elementor-element-46dfd756 e-con-full elementor-hidden-mobile_extra elementor-hidden-mobile e-flex e-con e-child\" data-id=\"46dfd756\" data-element_type=\"container\" data-e-type=\"container\" data-settings=\"{&quot;background_background&quot;:&quot;classic&quot;}\">\n\t\t\t\t<\/div>\n\t\t<div class=\"elementor-element elementor-element-429a0654 e-con-full e-flex e-con e-child\" data-id=\"429a0654\" data-element_type=\"container\" data-e-type=\"container\">\n\t\t\t\t<div class=\"elementor-element elementor-element-44a3dc88 elementor-widget__width-initial elementor-widget elementor-widget-heading\" data-id=\"44a3dc88\" data-element_type=\"widget\" data-e-type=\"widget\" data-widget_type=\"heading.default\">\n\t\t\t\t<div class=\"elementor-widget-container\">\n\t\t\t\t\t<h1 class=\"elementor-heading-title elementor-size-default\">KATEDRALA SV. MARKA<\/h1>\t\t\t\t<\/div>\n\t\t\t\t<\/div>\n\t\t\t\t<div class=\"elementor-element elementor-element-148c4665 elementor-widget__width-initial elementor-widget-mobile__width-initial elementor-widget elementor-widget-text-editor\" data-id=\"148c4665\" data-element_type=\"widget\" data-e-type=\"widget\" data-widget_type=\"text-editor.default\">\n\t\t\t\t<div class=\"elementor-widget-container\">\n\t\t\t\t\t\t\t\t\t<p>Smje\u0161tena na uzdignutom sjevernom dijelu sredi\u0161njeg gradskog trga, ponosno se uzdi\u017ee Katedrala svetog Marka, impresivna kasnobarokna crkva koja dominira cijelim prostorom. Do nje vodi \u0161iroko stubi\u0161te, a ispred crkve se prostire prostrano dvori\u0161te, stvaraju\u0107i veli\u010danstven dojam pri samom dolasku. Ova znamenita gra\u0111evina bila je nekada\u0161nja stolna crkva Makarske biskupije, a danas pripada Splitsko-makarskoj nadbiskupiji. Posve\u0107ena je svetom Marku Evan\u0111elistu te predstavlja simbol vjerske i kulturne obnove Makarske biskupije.<\/p>\t\t\t\t\t\t\t\t<\/div>\n\t\t\t\t<\/div>\n\t\t\t\t<\/div>\n\t\t\t\t<\/div>\n\t\t<div class=\"elementor-element elementor-element-30ee6d7a e-con-full e-flex e-con e-parent\" data-id=\"30ee6d7a\" data-element_type=\"container\" data-e-type=\"container\">\n\t\t<div class=\"elementor-element elementor-element-2b379eee e-con-full e-flex e-con e-child\" data-id=\"2b379eee\" data-element_type=\"container\" data-e-type=\"container\">\n\t\t<div class=\"elementor-element elementor-element-750f8e65 e-con-full e-flex e-con e-child\" data-id=\"750f8e65\" data-element_type=\"container\" data-e-type=\"container\">\n\t\t\t\t<div class=\"elementor-element elementor-element-7a8a1fef elementor-widget__width-initial elementor-widget-mobile__width-initial elementor-widget elementor-widget-text-editor\" data-id=\"7a8a1fef\" data-element_type=\"widget\" data-e-type=\"widget\" data-widget_type=\"text-editor.default\">\n\t\t\t\t<div class=\"elementor-widget-container\">\n\t\t\t\t\t\t\t\t\t<p>Gradnja katedrale odvijala se u vi\u0161e etapa izme\u0111u 1700. i 1766. godine. Tijekom tog razdoblja na njezinoj izgradnji radilo je vi\u0161e graditelja, a kona\u010dan izgled crkvi dao je mleta\u010dki vojni kapetan i in\u017eenjer Bartol Riviera. Katedrala svetog Marka nezaobilazna je to\u010dka za sve posjetitelje Makarske, bilo da dolaze iz povijesnih, kulturnih ili vjerskih razloga. Njezina unutra\u0161njost skriva bogatu umjetni\u010dku ba\u0161tinu, a vanjski prostor nudi spektakularan pogled. Posjet ovom jedinstvenom mjestu pru\u017ea uvid u bogatu povijest i tradiciju Makarske, ali i trenutke mira i duhovne inspiracije.<\/p><p>\u00a0<\/p>\t\t\t\t\t\t\t\t<\/div>\n\t\t\t\t<\/div>\n\t\t\t\t<\/div>\n\t\t\t\t<\/div>\n\t\t<div class=\"elementor-element elementor-element-42034536 e-con-full e-flex e-con e-child\" data-id=\"42034536\" data-element_type=\"container\" data-e-type=\"container\" data-settings=\"{&quot;background_background&quot;:&quot;classic&quot;,&quot;background_motion_fx_motion_fx_scrolling&quot;:&quot;yes&quot;,&quot;background_motion_fx_opacity_effect&quot;:&quot;yes&quot;,&quot;background_motion_fx_opacity_level&quot;:{&quot;unit&quot;:&quot;px&quot;,&quot;size&quot;:5.9,&quot;sizes&quot;:[]},&quot;background_motion_fx_opacity_direction&quot;:&quot;out-in&quot;,&quot;background_motion_fx_opacity_range&quot;:{&quot;unit&quot;:&quot;%&quot;,&quot;size&quot;:&quot;&quot;,&quot;sizes&quot;:{&quot;start&quot;:20,&quot;end&quot;:80}},&quot;background_motion_fx_devices&quot;:[&quot;widescreen&quot;,&quot;desktop&quot;,&quot;laptop&quot;,&quot;tablet_extra&quot;,&quot;tablet&quot;,&quot;mobile_extra&quot;,&quot;mobile&quot;]}\">\n\t\t\t\t<div class=\"elementor-element elementor-element-528ca5b1 elementor-invisible elementor-widget elementor-widget-image\" data-id=\"528ca5b1\" data-element_type=\"widget\" data-e-type=\"widget\" data-settings=\"{&quot;_animation&quot;:&quot;zoomIn&quot;}\" data-widget_type=\"image.default\">\n\t\t\t\t<div class=\"elementor-widget-container\">\n\t\t\t\t\t\t\t\t\t\t\t\t\t\t\t<img fetchpriority=\"high\" decoding=\"async\" width=\"600\" height=\"600\" src=\"https:\/\/makarska-info.hr\/wp-content\/uploads\/2025\/02\/test-1-1.png\" class=\"attachment-full size-full wp-image-12878\" alt=\"turisti\u010dka zajednica grada makarske\" srcset=\"https:\/\/makarska-info.hr\/wp-content\/uploads\/2025\/02\/test-1-1.png 600w, https:\/\/makarska-info.hr\/wp-content\/uploads\/2025\/02\/test-1-1-300x300.png 300w, https:\/\/makarska-info.hr\/wp-content\/uploads\/2025\/02\/test-1-1-150x150.png 150w\" sizes=\"(max-width: 600px) 100vw, 600px\" \/>\t\t\t\t\t\t\t\t\t\t\t\t\t\t\t<\/div>\n\t\t\t\t<\/div>\n\t\t\t\t<\/div>\n\t\t\t\t<\/div>\n\t\t<div class=\"elementor-element elementor-element-70f44703 e-con-full e-flex e-con e-parent\" data-id=\"70f44703\" data-element_type=\"container\" data-e-type=\"container\">\n\t\t\t\t<div class=\"elementor-element elementor-element-78d8e4b4 elementor-widget__width-inherit elementor-widget elementor-widget-google_maps\" data-id=\"78d8e4b4\" data-element_type=\"widget\" data-e-type=\"widget\" data-widget_type=\"google_maps.default\">\n\t\t\t\t<div class=\"elementor-widget-container\">\n\t\t\t\t\t\t\t<div class=\"elementor-custom-embed\">\n\t\t\t<iframe loading=\"lazy\"\n\t\t\t\t\tsrc=\"https:\/\/maps.google.com\/maps?q=KATEDRALA%20SVETOG%20MARKA%20MAKARSKA&#038;t=m&#038;z=15&#038;output=embed&#038;iwloc=near\"\n\t\t\t\t\ttitle=\"KATEDRALA SVETOG MARKA MAKARSKA\"\n\t\t\t\t\taria-label=\"KATEDRALA SVETOG MARKA MAKARSKA\"\n\t\t\t><\/iframe>\n\t\t<\/div>\n\t\t\t\t\t\t<\/div>\n\t\t\t\t<\/div>\n\t\t\t\t<\/div>\n\t\t\t\t<\/div>\n\t\t","protected":false},"excerpt":{"rendered":"<p>KATEDRALA SV. MARKA Smje\u0161tena na uzdignutom sjevernom dijelu sredi\u0161njeg gradskog trga, ponosno se uzdi\u017ee Katedrala svetog Marka, impresivna kasnobarokna crkva koja dominira cijelim prostorom. Do nje vodi \u0161iroko stubi\u0161te, a&hellip;&nbsp;<a href=\"https:\/\/makarska-info.hr\/en\/katedrala-sv-marka\/\" rel=\"bookmark\">Read More &raquo;<span class=\"screen-reader-text\">ST. MARK'S CHURCH<\/span><\/a><\/p>","protected":false},"author":1,"featured_media":0,"parent":0,"menu_order":0,"comment_status":"closed","ping_status":"closed","template":"","meta":{"neve_meta_sidebar":"","neve_meta_container":"","neve_meta_enable_content_width":"","neve_meta_content_width":0,"neve_meta_title_alignment":"","neve_meta_author_avatar":"","neve_post_elements_order":"","neve_meta_disable_header":"","neve_meta_disable_footer":"","neve_meta_disable_title":"","footnotes":""},"class_list":["post-14994","page","type-page","status-publish","hentry"],"_links":{"self":[{"href":"https:\/\/makarska-info.hr\/en\/wp-json\/wp\/v2\/pages\/14994","targetHints":{"allow":["GET"]}}],"collection":[{"href":"https:\/\/makarska-info.hr\/en\/wp-json\/wp\/v2\/pages"}],"about":[{"href":"https:\/\/makarska-info.hr\/en\/wp-json\/wp\/v2\/types\/page"}],"author":[{"embeddable":true,"href":"https:\/\/makarska-info.hr\/en\/wp-json\/wp\/v2\/users\/1"}],"replies":[{"embeddable":true,"href":"https:\/\/makarska-info.hr\/en\/wp-json\/wp\/v2\/comments?post=14994"}],"version-history":[{"count":10,"href":"https:\/\/makarska-info.hr\/en\/wp-json\/wp\/v2\/pages\/14994\/revisions"}],"predecessor-version":[{"id":15010,"href":"https:\/\/makarska-info.hr\/en\/wp-json\/wp\/v2\/pages\/14994\/revisions\/15010"}],"wp:attachment":[{"href":"https:\/\/makarska-info.hr\/en\/wp-json\/wp\/v2\/media?parent=14994"}],"curies":[{"name":"wp","href":"https:\/\/api.w.org\/{rel}","templated":true}]}}