{"id":15859,"date":"2025-04-10T10:54:21","date_gmt":"2025-04-10T09:54:21","guid":{"rendered":"https:\/\/makarska-info.hr\/?page_id=15859"},"modified":"2026-02-05T08:11:08","modified_gmt":"2026-02-05T07:11:08","slug":"gastronomija","status":"publish","type":"page","link":"https:\/\/makarska-info.hr\/en\/gastronomija\/","title":{"rendered":"Gastronomy"},"content":{"rendered":"\t\t<div data-elementor-type=\"wp-page\" data-elementor-id=\"15859\" class=\"elementor elementor-15859\" data-elementor-post-type=\"page\">\n\t\t\t\t<div class=\"elementor-element elementor-element-153ed95a e-con-full e-flex e-con e-parent\" data-id=\"153ed95a\" data-element_type=\"container\" data-e-type=\"container\" data-settings=\"{&quot;background_background&quot;:&quot;classic&quot;}\">\n\t\t\t\t<\/div>\n\t\t<div class=\"elementor-element elementor-element-223638de e-con-full e-flex e-con e-parent\" data-id=\"223638de\" data-element_type=\"container\" data-e-type=\"container\">\n\t\t<div class=\"elementor-element elementor-element-6941bb5e e-con-full elementor-hidden-mobile_extra elementor-hidden-mobile e-flex e-con e-child\" data-id=\"6941bb5e\" data-element_type=\"container\" data-e-type=\"container\" data-settings=\"{&quot;background_background&quot;:&quot;classic&quot;}\">\n\t\t\t\t<\/div>\n\t\t<div class=\"elementor-element elementor-element-33ea275 e-con-full e-flex e-con e-child\" data-id=\"33ea275\" data-element_type=\"container\" data-e-type=\"container\">\n\t\t\t\t<div class=\"elementor-element elementor-element-68b5fc95 elementor-widget__width-initial elementor-widget elementor-widget-heading\" data-id=\"68b5fc95\" data-element_type=\"widget\" data-e-type=\"widget\" data-widget_type=\"heading.default\">\n\t\t\t\t<div class=\"elementor-widget-container\">\n\t\t\t\t\t<h1 class=\"elementor-heading-title elementor-size-default\">GASTRONOMIJA<\/h1>\t\t\t\t<\/div>\n\t\t\t\t<\/div>\n\t\t\t\t<div class=\"elementor-element elementor-element-55f66a09 elementor-widget__width-initial elementor-widget-mobile__width-initial elementor-widget elementor-widget-text-editor\" data-id=\"55f66a09\" data-element_type=\"widget\" data-e-type=\"widget\" data-widget_type=\"text-editor.default\">\n\t\t\t\t<div class=\"elementor-widget-container\">\n\t\t\t\t\t\t\t\t\t<p>Makarska kuhinja odraz je duha i povijesti njezinog podneblja \u2013 skromna, ali bogata okusima, utemeljena na jednostavnim, svje\u017eim sastojcima i preno\u0161enim receptima iz generacije u generaciju. U svakom tanjuru osje\u0107a se povezanost s morem, Biokovom i prirodom koja okru\u017euje grad, ali i s utjecajima mediteranske kulinarske ba\u0161tine koji su kroz stolje\u0107a oplemenjivali lokalnu trpezu.<\/p>\t\t\t\t\t\t\t\t<\/div>\n\t\t\t\t<\/div>\n\t\t\t\t<\/div>\n\t\t\t\t<\/div>\n\t\t<div class=\"elementor-element elementor-element-5d8c6a7e e-con-full e-flex e-con e-parent\" data-id=\"5d8c6a7e\" data-element_type=\"container\" data-e-type=\"container\">\n\t\t<div class=\"elementor-element elementor-element-3afd6492 e-con-full e-flex e-con e-child\" data-id=\"3afd6492\" data-element_type=\"container\" data-e-type=\"container\">\n\t\t\t\t<div class=\"elementor-element elementor-element-ea34feb elementor-widget__width-initial elementor-widget-mobile__width-initial elementor-widget elementor-widget-text-editor\" data-id=\"ea34feb\" data-element_type=\"widget\" data-e-type=\"widget\" data-widget_type=\"text-editor.default\">\n\t\t\t\t<div class=\"elementor-widget-container\">\n\t\t\t\t\t\t\t\t\t<p>Jedan od najsla\u0111ih simbola makarske gastronomije svakako je torta Makarana \u2013 bogata, aromati\u010dna slastica spravljena prema tradicionalnom receptu, s bademima, aromama agruma i likera, pa\u017eljivo oblikovana i ukra\u0161ena, kako i prili\u010di deliciji s dugom povije\u0161\u0107u i posebnom emocijom.<\/p>\t\t\t\t\t\t\t\t<\/div>\n\t\t\t\t<\/div>\n\t\t\t\t<\/div>\n\t\t<div class=\"elementor-element elementor-element-5b211805 e-con-full e-flex e-con e-child\" data-id=\"5b211805\" data-element_type=\"container\" data-e-type=\"container\" data-settings=\"{&quot;background_background&quot;:&quot;classic&quot;,&quot;background_motion_fx_motion_fx_scrolling&quot;:&quot;yes&quot;,&quot;background_motion_fx_opacity_effect&quot;:&quot;yes&quot;,&quot;background_motion_fx_opacity_level&quot;:{&quot;unit&quot;:&quot;px&quot;,&quot;size&quot;:5.9,&quot;sizes&quot;:[]},&quot;background_motion_fx_opacity_direction&quot;:&quot;out-in&quot;,&quot;background_motion_fx_opacity_range&quot;:{&quot;unit&quot;:&quot;%&quot;,&quot;size&quot;:&quot;&quot;,&quot;sizes&quot;:{&quot;start&quot;:20,&quot;end&quot;:80}},&quot;background_motion_fx_devices&quot;:[&quot;widescreen&quot;,&quot;desktop&quot;,&quot;laptop&quot;,&quot;tablet_extra&quot;,&quot;tablet&quot;,&quot;mobile_extra&quot;,&quot;mobile&quot;]}\">\n\t\t\t\t<div class=\"elementor-element elementor-element-256fd044 elementor-invisible elementor-widget elementor-widget-image\" data-id=\"256fd044\" data-element_type=\"widget\" data-e-type=\"widget\" data-settings=\"{&quot;_animation&quot;:&quot;zoomIn&quot;}\" data-widget_type=\"image.default\">\n\t\t\t\t<div class=\"elementor-widget-container\">\n\t\t\t\t\t\t\t\t\t\t\t\t\t\t\t<img fetchpriority=\"high\" decoding=\"async\" width=\"600\" height=\"600\" src=\"https:\/\/makarska-info.hr\/wp-content\/uploads\/2025\/04\/makarana.png\" class=\"attachment-full size-full wp-image-15862\" alt=\"\" srcset=\"https:\/\/makarska-info.hr\/wp-content\/uploads\/2025\/04\/makarana.png 600w, https:\/\/makarska-info.hr\/wp-content\/uploads\/2025\/04\/makarana-300x300.png 300w, https:\/\/makarska-info.hr\/wp-content\/uploads\/2025\/04\/makarana-150x150.png 150w, https:\/\/makarska-info.hr\/wp-content\/uploads\/2025\/04\/makarana-12x12.png 12w\" sizes=\"(max-width: 600px) 100vw, 600px\" \/>\t\t\t\t\t\t\t\t\t\t\t\t\t\t\t<\/div>\n\t\t\t\t<\/div>\n\t\t\t\t<\/div>\n\t\t\t\t<\/div>\n\t\t<div class=\"elementor-element elementor-element-36c5192b e-con-full e-flex e-con e-parent\" data-id=\"36c5192b\" data-element_type=\"container\" data-e-type=\"container\">\n\t\t<div class=\"elementor-element elementor-element-6b354245 e-con-full e-flex e-con e-child\" data-id=\"6b354245\" data-element_type=\"container\" data-e-type=\"container\" data-settings=\"{&quot;background_background&quot;:&quot;classic&quot;}\">\n\t\t\t\t<\/div>\n\t\t<div class=\"elementor-element elementor-element-7cf67227 e-con-full e-flex e-con e-child\" data-id=\"7cf67227\" data-element_type=\"container\" data-e-type=\"container\">\n\t\t\t\t<div class=\"elementor-element elementor-element-5334c8e4 elementor-widget__width-initial elementor-widget-mobile__width-initial elementor-widget elementor-widget-text-editor\" data-id=\"5334c8e4\" data-element_type=\"widget\" data-e-type=\"widget\" data-widget_type=\"text-editor.default\">\n\t\t\t\t<div class=\"elementor-widget-container\">\n\t\t\t\t\t\t\t\t\t<p>U temelju makarske kuhinje oduvijek su bile skromne, ali pa\u017eljivo pripravljene namirnice \u2013 prete\u017eno povr\u0107e i riba, dok se meso jelo rje\u0111e. S vremenom se kuhinja oplemenjivala, posebno pod utjecajem Mletaka, donose\u0107i nove tehnike i okuse. Tako su lokalni gurmani, koriste\u0107i doma\u0107e sastojke i vlastitu ma\u0161tovitost, stvorili posebnosti poput makarske pa\u0161ticade \u2013 jedinstvene varijante tradicionalnog jela, razli\u010dite od onih u susjednim gradovima.<\/p>\t\t\t\t\t\t\t\t<\/div>\n\t\t\t\t<\/div>\n\t\t\t\t<\/div>\n\t\t\t\t<\/div>\n\t\t<div class=\"elementor-element elementor-element-2998f325 e-con-full e-flex e-con e-parent\" data-id=\"2998f325\" data-element_type=\"container\" data-e-type=\"container\">\n\t\t<div class=\"elementor-element elementor-element-71e28ed5 e-con-full e-flex e-con e-child\" data-id=\"71e28ed5\" data-element_type=\"container\" data-e-type=\"container\">\n\t\t\t\t<div class=\"elementor-element elementor-element-b0629c3 elementor-widget__width-initial elementor-widget-mobile__width-initial elementor-widget elementor-widget-text-editor\" data-id=\"b0629c3\" data-element_type=\"widget\" data-e-type=\"widget\" data-widget_type=\"text-editor.default\">\n\t\t\t\t<div class=\"elementor-widget-container\">\n\t\t\t\t\t\t\t\t\t<p>Makarska danas ne samo da \u010duva, ve\u0107 i s ponosom pokazuje svoju bogatu gastronomsku i kulturnu ba\u0161tinu, \u010dine\u0107i je prepoznatljivim dijelom svog identiteta i atraktivnom pri\u010dom koju rado dijeli sa svijetom. Posjetite na\u0161e restorane i u\u017eivate u autenti\u010dnim okusima Makarske, gdje svaki obrok postaje nezaboravno iskustvo.<\/p><p><br><\/p>\t\t\t\t\t\t\t\t<\/div>\n\t\t\t\t<\/div>\n\t\t\t\t<div class=\"elementor-element elementor-element-b21b2fb elementor-align-center elementor-widget elementor-widget-button\" data-id=\"b21b2fb\" data-element_type=\"widget\" data-e-type=\"widget\" data-widget_type=\"button.default\">\n\t\t\t\t<div class=\"elementor-widget-container\">\n\t\t\t\t\t\t\t\t\t<div class=\"elementor-button-wrapper\">\n\t\t\t\t\t<a class=\"elementor-button elementor-button-link elementor-size-sm\" href=\"https:\/\/www.tripadvisor.com\/Restaurants-g303814-Makarska_Split_Dalmatia_County_Dalmatia.html\" target=\"_blank\" rel=\"noopener\">\n\t\t\t\t\t\t<span class=\"elementor-button-content-wrapper\">\n\t\t\t\t\t\t\t\t\t<span class=\"elementor-button-text\">RESTORANI<\/span>\n\t\t\t\t\t<\/span>\n\t\t\t\t\t<\/a>\n\t\t\t\t<\/div>\n\t\t\t\t\t\t\t\t<\/div>\n\t\t\t\t<\/div>\n\t\t\t\t<\/div>\n\t\t<div class=\"elementor-element elementor-element-3e4f87d4 e-con-full e-flex e-con e-child\" data-id=\"3e4f87d4\" data-element_type=\"container\" data-e-type=\"container\" data-settings=\"{&quot;background_background&quot;:&quot;classic&quot;,&quot;background_motion_fx_motion_fx_scrolling&quot;:&quot;yes&quot;,&quot;background_motion_fx_opacity_effect&quot;:&quot;yes&quot;,&quot;background_motion_fx_opacity_level&quot;:{&quot;unit&quot;:&quot;px&quot;,&quot;size&quot;:5.9,&quot;sizes&quot;:[]},&quot;background_motion_fx_opacity_direction&quot;:&quot;out-in&quot;,&quot;background_motion_fx_opacity_range&quot;:{&quot;unit&quot;:&quot;%&quot;,&quot;size&quot;:&quot;&quot;,&quot;sizes&quot;:{&quot;start&quot;:20,&quot;end&quot;:80}},&quot;background_motion_fx_devices&quot;:[&quot;widescreen&quot;,&quot;desktop&quot;,&quot;laptop&quot;,&quot;tablet_extra&quot;,&quot;tablet&quot;,&quot;mobile_extra&quot;,&quot;mobile&quot;]}\">\n\t\t\t\t<div class=\"elementor-element elementor-element-3a9161d2 elementor-invisible elementor-widget elementor-widget-image\" data-id=\"3a9161d2\" data-element_type=\"widget\" data-e-type=\"widget\" data-settings=\"{&quot;_animation&quot;:&quot;zoomIn&quot;}\" data-widget_type=\"image.default\">\n\t\t\t\t<div class=\"elementor-widget-container\">\n\t\t\t\t\t\t\t\t\t\t\t\t\t\t\t<img decoding=\"async\" width=\"600\" height=\"600\" src=\"https:\/\/makarska-info.hr\/wp-content\/uploads\/2025\/04\/pasticada.png\" class=\"attachment-full size-full wp-image-15864\" alt=\"\" srcset=\"https:\/\/makarska-info.hr\/wp-content\/uploads\/2025\/04\/pasticada.png 600w, https:\/\/makarska-info.hr\/wp-content\/uploads\/2025\/04\/pasticada-300x300.png 300w, https:\/\/makarska-info.hr\/wp-content\/uploads\/2025\/04\/pasticada-150x150.png 150w, https:\/\/makarska-info.hr\/wp-content\/uploads\/2025\/04\/pasticada-12x12.png 12w\" sizes=\"(max-width: 600px) 100vw, 600px\" \/>\t\t\t\t\t\t\t\t\t\t\t\t\t\t\t<\/div>\n\t\t\t\t<\/div>\n\t\t\t\t<\/div>\n\t\t\t\t<\/div>\n\t\t<div class=\"elementor-element elementor-element-51171fb8 e-con-full e-flex e-con e-parent\" data-id=\"51171fb8\" data-element_type=\"container\" data-e-type=\"container\">\n\t\t\t\t<div class=\"elementor-element elementor-element-489ccc15 elementor-widget__width-inherit elementor-widget elementor-widget-google_maps\" data-id=\"489ccc15\" data-element_type=\"widget\" data-e-type=\"widget\" data-widget_type=\"google_maps.default\">\n\t\t\t\t<div class=\"elementor-widget-container\">\n\t\t\t\t\t\t\t<div class=\"elementor-custom-embed\">\n\t\t\t<iframe loading=\"lazy\"\n\t\t\t\t\tsrc=\"https:\/\/maps.google.com\/maps?q=Restorani%20Makarkska&#038;t=m&#038;z=15&#038;output=embed&#038;iwloc=near\"\n\t\t\t\t\ttitle=\"Restorani Makarkska\"\n\t\t\t\t\taria-label=\"Restorani Makarkska\"\n\t\t\t><\/iframe>\n\t\t<\/div>\n\t\t\t\t\t\t<\/div>\n\t\t\t\t<\/div>\n\t\t\t\t<\/div>\n\t\t\t\t<\/div>\n\t\t","protected":false},"excerpt":{"rendered":"<p>GASTRONOMIJA Makarska kuhinja odraz je duha i povijesti njezinog podneblja \u2013 skromna, ali bogata okusima, utemeljena na jednostavnim, svje\u017eim sastojcima i preno\u0161enim receptima iz generacije u generaciju. U svakom tanjuru&hellip;&nbsp;<a href=\"https:\/\/makarska-info.hr\/en\/gastronomija\/\" rel=\"bookmark\">Read More &raquo;<span class=\"screen-reader-text\">Gastronomy<\/span><\/a><\/p>","protected":false},"author":1,"featured_media":0,"parent":0,"menu_order":0,"comment_status":"closed","ping_status":"closed","template":"","meta":{"neve_meta_sidebar":"","neve_meta_container":"","neve_meta_enable_content_width":"","neve_meta_content_width":0,"neve_meta_title_alignment":"","neve_meta_author_avatar":"","neve_post_elements_order":"","neve_meta_disable_header":"","neve_meta_disable_footer":"","neve_meta_disable_title":"","footnotes":""},"class_list":["post-15859","page","type-page","status-publish","hentry"],"_links":{"self":[{"href":"https:\/\/makarska-info.hr\/en\/wp-json\/wp\/v2\/pages\/15859","targetHints":{"allow":["GET"]}}],"collection":[{"href":"https:\/\/makarska-info.hr\/en\/wp-json\/wp\/v2\/pages"}],"about":[{"href":"https:\/\/makarska-info.hr\/en\/wp-json\/wp\/v2\/types\/page"}],"author":[{"embeddable":true,"href":"https:\/\/makarska-info.hr\/en\/wp-json\/wp\/v2\/users\/1"}],"replies":[{"embeddable":true,"href":"https:\/\/makarska-info.hr\/en\/wp-json\/wp\/v2\/comments?post=15859"}],"version-history":[{"count":61,"href":"https:\/\/makarska-info.hr\/en\/wp-json\/wp\/v2\/pages\/15859\/revisions"}],"predecessor-version":[{"id":19092,"href":"https:\/\/makarska-info.hr\/en\/wp-json\/wp\/v2\/pages\/15859\/revisions\/19092"}],"wp:attachment":[{"href":"https:\/\/makarska-info.hr\/en\/wp-json\/wp\/v2\/media?parent=15859"}],"curies":[{"name":"wp","href":"https:\/\/api.w.org\/{rel}","templated":true}]}}