{"id":19080,"date":"2025-06-03T07:05:32","date_gmt":"2025-06-03T06:05:32","guid":{"rendered":"https:\/\/makarska-info.hr\/?page_id=19080"},"modified":"2026-02-10T07:34:18","modified_gmt":"2026-02-10T06:34:18","slug":"iznajmljivaci","status":"publish","type":"page","link":"https:\/\/makarska-info.hr\/en\/iznajmljivaci\/","title":{"rendered":"Iznajmljiva\u010di"},"content":{"rendered":"<div data-elementor-type=\"wp-page\" data-elementor-id=\"19080\" class=\"elementor elementor-19080\" data-elementor-post-type=\"page\">\n\t\t\t\t\t\t<\/div>","protected":false},"excerpt":{"rendered":"<p>IZNAJMLJIVA\u010cI TURISTI\u010cKA PRISTOJBA 2026 ODLUKA O VISINI TURISTI\u010cKE PRISTOJBE 2026 PREUZMI VODI\u010c ZA IZNAJMLJIVA\u010cE VODI\u010c NA IZNAJMLJIVA\u010cE PREUZMI OBVEZE GRA\u0110ANA IZNAJMLJIVA\u010cA OBVEZE GRA\u0110ANA IZNAJMLJIVA\u010cA PREUZMI OBRAZAC TZ 2 &#8211; 2026&hellip;&nbsp;<a href=\"https:\/\/makarska-info.hr\/en\/iznajmljivaci\/\" rel=\"bookmark\">Read More &raquo;<span class=\"screen-reader-text\">Iznajmljiva\u010di<\/span><\/a><\/p>","protected":false},"author":1,"featured_media":0,"parent":0,"menu_order":0,"comment_status":"closed","ping_status":"closed","template":"elementor_header_footer","meta":{"neve_meta_sidebar":"","neve_meta_container":"","neve_meta_enable_content_width":"","neve_meta_content_width":0,"neve_meta_title_alignment":"","neve_meta_author_avatar":"","neve_post_elements_order":"","neve_meta_disable_header":"","neve_meta_disable_footer":"","neve_meta_disable_title":"","footnotes":""},"class_list":["post-19080","page","type-page","status-publish","hentry"],"_links":{"self":[{"href":"https:\/\/makarska-info.hr\/en\/wp-json\/wp\/v2\/pages\/19080","targetHints":{"allow":["GET"]}}],"collection":[{"href":"https:\/\/makarska-info.hr\/en\/wp-json\/wp\/v2\/pages"}],"about":[{"href":"https:\/\/makarska-info.hr\/en\/wp-json\/wp\/v2\/types\/page"}],"author":[{"embeddable":true,"href":"https:\/\/makarska-info.hr\/en\/wp-json\/wp\/v2\/users\/1"}],"replies":[{"embeddable":true,"href":"https:\/\/makarska-info.hr\/en\/wp-json\/wp\/v2\/comments?post=19080"}],"version-history":[{"count":79,"href":"https:\/\/makarska-info.hr\/en\/wp-json\/wp\/v2\/pages\/19080\/revisions"}],"predecessor-version":[{"id":22299,"href":"https:\/\/makarska-info.hr\/en\/wp-json\/wp\/v2\/pages\/19080\/revisions\/22299"}],"wp:attachment":[{"href":"https:\/\/makarska-info.hr\/en\/wp-json\/wp\/v2\/media?parent=19080"}],"curies":[{"name":"wp","href":"https:\/\/api.w.org\/{rel}","templated":true}]}}