{"id":63,"date":"2023-05-19T14:25:48","date_gmt":"2023-05-19T14:25:48","guid":{"rendered":"https:\/\/makarska-info.hr\/?page_id=63"},"modified":"2026-02-10T08:23:03","modified_gmt":"2026-02-10T07:23:03","slug":"pristup-informacijama","status":"publish","type":"page","link":"https:\/\/makarska-info.hr\/en\/pristup-informacijama\/","title":{"rendered":"Pristup informacijama"},"content":{"rendered":"<div data-elementor-type=\"wp-page\" data-elementor-id=\"63\" class=\"elementor elementor-63\" data-elementor-post-type=\"page\">\n\t\t\t\t<div class=\"elementor-element elementor-element-26272d44 e-con-full e-flex e-con e-parent\" data-id=\"26272d44\" data-element_type=\"container\" data-e-type=\"container\" data-settings=\"{&quot;background_background&quot;:&quot;classic&quot;}\">\n\t\t<div class=\"elementor-element elementor-element-d19788 e-con-full e-flex e-con e-child\" data-id=\"d19788\" data-element_type=\"container\" data-e-type=\"container\">\n\t\t\t\t<div class=\"elementor-element elementor-element-91d7947 elementor-widget elementor-widget-heading\" data-id=\"91d7947\" data-element_type=\"widget\" data-e-type=\"widget\" data-widget_type=\"heading.default\">\n\t\t\t\t<div class=\"elementor-widget-container\">\n\t\t\t\t\t<h2 class=\"elementor-heading-title elementor-size-default\">PRAVO NA PRISTUP INFORMACIJAMA<\/h2>\t\t\t\t<\/div>\n\t\t\t\t<\/div>\n\t\t\t\t<\/div>\n\t\t\t\t<\/div>\n\t\t<div class=\"elementor-element elementor-element-c097369 e-flex e-con-boxed e-con e-parent\" data-id=\"c097369\" data-element_type=\"container\" data-e-type=\"container\" data-settings=\"{&quot;background_background&quot;:&quot;classic&quot;}\">\n\t\t\t\t\t<div class=\"e-con-inner\">\n\t\t<div class=\"elementor-element elementor-element-430fd78 e-con-full e-flex e-con e-child\" data-id=\"430fd78\" data-element_type=\"container\" data-e-type=\"container\">\n\t\t\t\t<div class=\"elementor-element elementor-element-a17b98e elementor-align-center elementor-widget__width-initial elementor-widget elementor-widget-button\" data-id=\"a17b98e\" data-element_type=\"widget\" data-e-type=\"widget\" data-settings=\"{&quot;_animation&quot;:&quot;none&quot;}\" data-widget_type=\"button.default\">\n\t\t\t\t<div class=\"elementor-widget-container\">\n\t\t\t\t\t\t\t\t\t<div class=\"elementor-button-wrapper\">\n\t\t\t\t\t<a class=\"elementor-button elementor-button-link elementor-size-sm\" href=\"https:\/\/makarska-info.hr\/en\/planovi-izvjestaji\/\">\n\t\t\t\t\t\t<span class=\"elementor-button-content-wrapper\">\n\t\t\t\t\t\t\t\t\t<span class=\"elementor-button-text\">PLANOVI I IZVJE\u0160\u0106A<\/span>\n\t\t\t\t\t<\/span>\n\t\t\t\t\t<\/a>\n\t\t\t\t<\/div>\n\t\t\t\t\t\t\t\t<\/div>\n\t\t\t\t<\/div>\n\t\t\t\t<\/div>\n\t\t<div class=\"elementor-element elementor-element-4301998 e-con-full e-flex e-con e-child\" data-id=\"4301998\" data-element_type=\"container\" data-e-type=\"container\">\n\t\t\t\t<div class=\"elementor-element elementor-element-47e2d42 elementor-align-center elementor-widget elementor-widget-button\" data-id=\"47e2d42\" data-element_type=\"widget\" data-e-type=\"widget\" data-widget_type=\"button.default\">\n\t\t\t\t<div class=\"elementor-widget-container\">\n\t\t\t\t\t\t\t\t\t<div class=\"elementor-button-wrapper\">\n\t\t\t\t\t<a class=\"elementor-button elementor-button-link elementor-size-sm\" href=\"https:\/\/makarska-info.hr\/en\/korisnici\/\">\n\t\t\t\t\t\t<span class=\"elementor-button-content-wrapper\">\n\t\t\t\t\t\t\t\t\t<span class=\"elementor-button-text\">OBRASCI<\/span>\n\t\t\t\t\t<\/span>\n\t\t\t\t\t<\/a>\n\t\t\t\t<\/div>\n\t\t\t\t\t\t\t\t<\/div>\n\t\t\t\t<\/div>\n\t\t\t\t<\/div>\n\t\t<div class=\"elementor-element elementor-element-bb4c097 e-con-full e-flex e-con e-child\" data-id=\"bb4c097\" data-element_type=\"container\" data-e-type=\"container\">\n\t\t\t\t<div class=\"elementor-element elementor-element-0dd54dc elementor-align-center elementor-widget elementor-widget-button\" data-id=\"0dd54dc\" data-element_type=\"widget\" data-e-type=\"widget\" data-widget_type=\"button.default\">\n\t\t\t\t<div class=\"elementor-widget-container\">\n\t\t\t\t\t\t\t\t\t<div class=\"elementor-button-wrapper\">\n\t\t\t\t\t<a class=\"elementor-button elementor-button-link elementor-size-sm\" href=\"https:\/\/makarska-info.hr\/en\/zakoni\/\">\n\t\t\t\t\t\t<span class=\"elementor-button-content-wrapper\">\n\t\t\t\t\t\t\t\t\t<span class=\"elementor-button-text\">ZAKONI I AKTI<\/span>\n\t\t\t\t\t<\/span>\n\t\t\t\t\t<\/a>\n\t\t\t\t<\/div>\n\t\t\t\t\t\t\t\t<\/div>\n\t\t\t\t<\/div>\n\t\t\t\t<\/div>\n\t\t\t\t\t<\/div>\n\t\t\t\t<\/div>\n\t\t<div class=\"elementor-element elementor-element-832cf78 e-flex e-con-boxed e-con e-parent\" data-id=\"832cf78\" data-element_type=\"container\" data-e-type=\"container\" data-settings=\"{&quot;background_background&quot;:&quot;classic&quot;}\">\n\t\t\t\t\t<div class=\"e-con-inner\">\n\t\t\t\t<div class=\"elementor-element elementor-element-02ac45f elementor-widget-mobile__width-initial elementor-widget elementor-widget-text-editor\" data-id=\"02ac45f\" data-element_type=\"widget\" data-e-type=\"widget\" data-widget_type=\"text-editor.default\">\n\t\t\t\t<div class=\"elementor-widget-container\">\n\t\t\t\t\t\t\t\t\t<p>Pravo na pristup informacijama i ponovnu uporabu informacija ostvaruje se u skladu sa\u00a0Zakonom o pravu na pristup informacijama (\u201eNarodne novine\u201c, broj 25\/13 i 85\/15).<\/p><p>Cilj Zakona je omogu\u0107iti i osigurati ostvarivanje Ustavom Republike Hrvatske zajam\u010denog prava na pristup informacijama, kao i na ponovnu uporabu informacija fizi\u010dkim i pravnim osobama putem otvorenosti i javnosti djelovanja tijela javne vlasti.<\/p><p>Pravo na pristup informacijama temelji se na na\u010delima javnosti i slobodnog pristupa, pravodobnosti, potpunosti i to\u010dnosti informacija, na\u010delu jednakosti, na\u010delu raspolaganja informacijom te, sukladno \u010dlanku 5. stavku 1. to\u010dki 5. Zakona \u201eobuhva\u0107a pravo korisnika na tra\u017eenje i dobivanje informacije, kao i obvezu tijela javne vlasti da omogu\u0107i pristup zatra\u017eenoj informaciji, odnosno da objavljuje informacije neovisno o postavljenom zahtjevu kada takvo objavljivanje proizlazi iz obveze odre\u0111ene zakonom ili drugim propisom\u201c.<\/p><p>Informacija, u smislu navedenog Zakona (\u010dlanak 5. stavak 1. to\u010dka 3.), predstavlja \u201esvaki podatak koji posjeduje tijelo javne vlasti u obliku dokumenta, zapisa, dosjea, registra ili u bilo kojem drugom obliku, neovisno o na\u010dinu na koji je prikazana (napisani, nacrtani, tiskani, snimljeni, magnetni, opti\u010dki, elektroni\u010dki ili neki drugi zapis).\u201c<\/p><p>Ponovna uporaba informacija, u skladu s \u010dlankom 5. stavkom 1. to\u010dkom 6. Zakona \u201ezna\u010di uporabu informacija tijela javne vlasti od strane fizi\u010dkih ili pravnih osoba, u komercijalne ili nekomercijalne svrhe druk\u010dije od izvorne svrhe u okviru javnog posla za koji su te informacije izra\u0111ene. Razmjena informacija izme\u0111u tijela javne vlasti radi obavljanja poslova iz njihovog djelokruga ne predstavlja ponovnu uporabu\u201c.<\/p><p>Pravo na pristup informacijama i ponovnu uporabu informacija ostvaruje se podno\u0161enjem\u00a0<strong>zahtjeva\u00a0<\/strong>TZG Makarska, slu\u017ebeniku za informiranje TZG Makarska:<\/p><p>&#8211;<strong>pisanim putem na adresu<\/strong>:<br \/>Turisti\u010dka zajednica Grada Makarske, Obala kralja Tomislava br. 16, 21 300 Makarska<\/p><p>&#8211;<strong>putem elektroni\u010dke po\u0161te<\/strong>:<br \/>info@makarska-info.hr<\/p><p>&#8211;<strong>telefonom na broj<\/strong>:<br \/>021\/612-002<\/p><p><strong>Slu\u017ebenik za informiranje TZ Grada Makarske<\/strong>:\u00a0Matko Buljan, dipl. oec.<\/p><p><strong>Uvjeti za ponovnu uporabu informacija<\/strong>:<\/p><p>Pravo na ponovnu uporabu informacija ure\u0111eno je \u010dlankom 15. Zakona o izmjenama i dopunama Zakona o pravu na pristup informacijama (NN, 85\/15).\u00a0 \u00a0<\/p><p>Svaki korisnik ima pravo na ponovnu uporabu informacija u komercijalne ili nekomercijalne svrhe, u skladu s odredbama ovoga Zakona.<\/p><p>U svrhu ponovne uporabe tijela javne vlasti nemaju obvezu informaciju izraditi, prilago\u0111avati ili izdvajati dijelove informacija, niti se od tijela javne vlasti mo\u017ee zahtijevati da nastavi a\u017eurirati, nadogra\u0111ivati i pohranjivati informacije u svrhu ponovne uporabe.<\/p><p>Na pitanja koja nisu posebno ure\u0111ena ovom glavom primjenjuju se na odgovaraju\u0107i na\u010din ostale odredbe ovoga Zakona.<\/p><p>Sukladno Zakonu o izmjenama i dopunama Zakona o pravu na pristup informacijama NN, 85\/15, \u010dl. 17. u zahtjevu za ponovnu uporabu informacija, osim podataka iz \u010dlanka 18. stavka 3. Zakona o pravu na pristup informacijama NN, 25\/13,\u00a0<strong>podnositelj zahtjeva<\/strong>\u00a0mora navesti i:<\/p><p>&#8211;<strong>informacije koje \u017eeli ponovno upotrijebiti<\/strong><\/p><p>&#8211;<strong>oblik i na\u010din na koji \u017eeli primiti sadr\u017eaj tra\u017eenih informacija<\/strong><\/p><p>&#8211;<strong>svrhu u koju \u017eeli ponovno upotrijebiti informacije (komercijalna ili nekomercijalna svrha)\u00a0<\/strong><\/p><p>Turisti\u010dka zajednica Grada Makarska ima pravo na naknadu stvarnih materijalnih tro\u0161kova koji nastanu pru\u017eanjem informacije korisniku prava na pristup informacijama i ponovnu uporabu informacija, kao i na naknadu tro\u0161kova dostave tra\u017eene informacije, koja se napla\u0107uje sukladno Kriteriju za odre\u0111ivanje visine naknade stvarnih materijalnih tro\u0161kova i tro\u0161kova dostave informacije na temelju \u010dlanka 19. stavka 2. Zakona o pravu na pristup informacijama (\u00bbNarodne novine\u00ab, broj 25\/13, 85\/15).<\/p><p><strong>Visina naknade stvarnih materijalnih tro\u0161kova odre\u0111uje se u sljede\u0107em iznosu<\/strong>:<\/p><p><strong>1.<\/strong> preslik jedne stranice veli\u010dine A4 \u2013 0,033 EUR\/0,25 kuna<\/p><p><strong>2.<\/strong> preslik jedne stranice veli\u010dine A3 \u2013 0,066 EUR\/0,50 kuna<\/p><p><strong>3.<\/strong> preslik jedne stranice u boji veli\u010dine A4 \u2013 0,13 EUR\/1,00 kuna<\/p><p><strong>4.<\/strong> preslik jedne stranice u boji veli\u010dine A3 \u2013 0,21 EUR\/1,60 kuna<\/p><p><strong>5.<\/strong> elektroni\u010dki zapis na jednom CD-u \u2013 0,53 EUR\/4,00 kuna<\/p><p><strong>6.<\/strong> elektroni\u010dki zapis na jednom DVD-u \u2013 0,80 EUR\/6,00 kuna<\/p><p><strong>7.<\/strong> elektroni\u010dki zapis na memorijskoj kartici ovisno o koli\u010dini memorije \u2013 27,86 EUR\/210 kuna za 64 GB,\u00a0<\/p><p>6,63 EUR\/50 kuna za 32 GB, 15,92 EUR\/120 kuna za 16 GB, 6,63 EUR\/50 kuna za 8 GB, 3,98 EUR\/30 kuna za 4 GB.<\/p><p><strong>8.<\/strong> pretvaranje jedne strane dokumenta iz fizi\u010dkog u elektroni\u010dki oblik \u2013 0,11 EUR\/0,80 kuna<br \/><span style=\"text-align: var(--text-align); color: var(--nv-text-color); font-weight: var(--bodyfontweight); letter-spacing: var(--bodyletterspacing); text-transform: var(--bodytexttransform);\"><br \/><strong>9.<\/strong> pretvaranje zapisa s videovrpce, audiokazete ili diskete u elektroni\u010dki zapis \u2013 0,13 EUR\/1,00 kuna<\/span><\/p>\t\t\t\t\t\t\t\t<\/div>\n\t\t\t\t<\/div>\n\t\t\t\t\t<\/div>\n\t\t\t\t<\/div>\n\t\t\t\t<\/div>","protected":false},"excerpt":{"rendered":"<p>PRAVO NA PRISTUP INFORMACIJAMA PLANOVI I IZVJE\u0160\u0106A OBRASCI ZAKONI I AKTI Pravo na pristup informacijama i ponovnu uporabu informacija ostvaruje se u skladu sa\u00a0Zakonom o pravu na pristup informacijama (\u201eNarodne&hellip;&nbsp;<a href=\"https:\/\/makarska-info.hr\/en\/pristup-informacijama\/\" rel=\"bookmark\">Read More &raquo;<span class=\"screen-reader-text\">Pristup informacijama<\/span><\/a><\/p>","protected":false},"author":1,"featured_media":0,"parent":0,"menu_order":0,"comment_status":"closed","ping_status":"closed","template":"","meta":{"neve_meta_sidebar":"","neve_meta_container":"","neve_meta_enable_content_width":"","neve_meta_content_width":0,"neve_meta_title_alignment":"","neve_meta_author_avatar":"","neve_post_elements_order":"","neve_meta_disable_header":"","neve_meta_disable_footer":"","neve_meta_disable_title":"","footnotes":""},"class_list":["post-63","page","type-page","status-publish","hentry"],"_links":{"self":[{"href":"https:\/\/makarska-info.hr\/en\/wp-json\/wp\/v2\/pages\/63","targetHints":{"allow":["GET"]}}],"collection":[{"href":"https:\/\/makarska-info.hr\/en\/wp-json\/wp\/v2\/pages"}],"about":[{"href":"https:\/\/makarska-info.hr\/en\/wp-json\/wp\/v2\/types\/page"}],"author":[{"embeddable":true,"href":"https:\/\/makarska-info.hr\/en\/wp-json\/wp\/v2\/users\/1"}],"replies":[{"embeddable":true,"href":"https:\/\/makarska-info.hr\/en\/wp-json\/wp\/v2\/comments?post=63"}],"version-history":[{"count":114,"href":"https:\/\/makarska-info.hr\/en\/wp-json\/wp\/v2\/pages\/63\/revisions"}],"predecessor-version":[{"id":18395,"href":"https:\/\/makarska-info.hr\/en\/wp-json\/wp\/v2\/pages\/63\/revisions\/18395"}],"wp:attachment":[{"href":"https:\/\/makarska-info.hr\/en\/wp-json\/wp\/v2\/media?parent=63"}],"curies":[{"name":"wp","href":"https:\/\/api.w.org\/{rel}","templated":true}]}}