{"id":9372,"date":"2025-02-13T12:52:50","date_gmt":"2025-02-13T11:52:50","guid":{"rendered":"https:\/\/makarska-info.hr\/?page_id=9372"},"modified":"2026-02-11T13:28:34","modified_gmt":"2026-02-11T12:28:34","slug":"photo-press-download","status":"publish","type":"page","link":"https:\/\/makarska-info.hr\/en\/photo-press-download\/","title":{"rendered":"Photo press\/Download"},"content":{"rendered":"<div data-elementor-type=\"wp-page\" data-elementor-id=\"9372\" class=\"elementor elementor-9372\" data-elementor-post-type=\"page\">\n\t\t\t\t<div class=\"elementor-element elementor-element-6a05fa87 e-con-full e-flex e-con e-parent\" data-id=\"6a05fa87\" data-element_type=\"container\" data-e-type=\"container\" data-settings=\"{&quot;background_background&quot;:&quot;classic&quot;}\">\n\t\t\t\t<\/div>\n\t\t<div class=\"elementor-element elementor-element-44e485bd e-con-full e-flex e-con e-parent\" data-id=\"44e485bd\" data-element_type=\"container\" data-e-type=\"container\" data-settings=\"{&quot;background_background&quot;:&quot;classic&quot;}\">\n\t\t\t\t<div class=\"elementor-element elementor-element-6d501ac7 elementor-widget elementor-widget-heading\" data-id=\"6d501ac7\" data-element_type=\"widget\" data-e-type=\"widget\" data-widget_type=\"heading.default\">\n\t\t\t\t<div class=\"elementor-widget-container\">\n\t\t\t\t\t<h2 class=\"elementor-heading-title elementor-size-default\">FOTOGRAFIJE<\/h2>\t\t\t\t<\/div>\n\t\t\t\t<\/div>\n\t\t\t\t<\/div>\n\t\t<div class=\"elementor-element elementor-element-0e21a4e e-flex e-con-boxed e-con e-parent\" data-id=\"0e21a4e\" data-element_type=\"container\" data-e-type=\"container\" data-settings=\"{&quot;background_background&quot;:&quot;classic&quot;}\">\n\t\t\t\t\t<div class=\"e-con-inner\">\n\t\t\t\t<div class=\"elementor-element elementor-element-f975692 elementor-widget elementor-widget-gallery\" data-id=\"f975692\" data-element_type=\"widget\" data-e-type=\"widget\" data-settings=\"{&quot;gallery_layout&quot;:&quot;masonry&quot;,&quot;columns&quot;:3,&quot;lazyload&quot;:&quot;yes&quot;,&quot;columns_tablet&quot;:2,&quot;columns_mobile&quot;:1,&quot;gap&quot;:{&quot;unit&quot;:&quot;px&quot;,&quot;size&quot;:10,&quot;sizes&quot;:[]},&quot;gap_widescreen&quot;:{&quot;unit&quot;:&quot;px&quot;,&quot;size&quot;:&quot;&quot;,&quot;sizes&quot;:[]},&quot;gap_laptop&quot;:{&quot;unit&quot;:&quot;px&quot;,&quot;size&quot;:10,&quot;sizes&quot;:[]},&quot;gap_tablet_extra&quot;:{&quot;unit&quot;:&quot;px&quot;,&quot;size&quot;:10,&quot;sizes&quot;:[]},&quot;gap_tablet&quot;:{&quot;unit&quot;:&quot;px&quot;,&quot;size&quot;:10,&quot;sizes&quot;:[]},&quot;gap_mobile_extra&quot;:{&quot;unit&quot;:&quot;px&quot;,&quot;size&quot;:10,&quot;sizes&quot;:[]},&quot;gap_mobile&quot;:{&quot;unit&quot;:&quot;px&quot;,&quot;size&quot;:10,&quot;sizes&quot;:[]},&quot;link_to&quot;:&quot;file&quot;,&quot;overlay_background&quot;:&quot;yes&quot;,&quot;content_hover_animation&quot;:&quot;fade-in&quot;}\" data-widget_type=\"gallery.default\">\n\t\t\t\t<div class=\"elementor-widget-container\">\n\t\t\t\t\t\t\t<div class=\"elementor-gallery__container\">\n\t\t\t\t\t\t\t<a class=\"e-gallery-item elementor-gallery-item elementor-animated-content\" href=\"https:\/\/makarska-info.hr\/wp-content\/uploads\/2025\/02\/2024_0206_08525000.jpg\" data-elementor-open-lightbox=\"yes\" data-elementor-lightbox-slideshow=\"f975692\" data-elementor-lightbox-title=\"Makarska\" data-e-action-hash=\"#elementor-action%3Aaction%3Dlightbox%26settings%3DeyJpZCI6MTI4ODIsInVybCI6Imh0dHBzOlwvXC9tYWthcnNrYS1pbmZvLmhyXC93cC1jb250ZW50XC91cGxvYWRzXC8yMDI1XC8wMlwvMjAyNF8wMjA2XzA4NTI1MDAwLmpwZyIsInNsaWRlc2hvdyI6ImY5NzU2OTIifQ%3D%3D\">\n\t\t\t\t\t<div class=\"e-gallery-image elementor-gallery-item__image\" data-thumbnail=\"https:\/\/makarska-info.hr\/wp-content\/uploads\/2025\/02\/2024_0206_08525000.jpg\" data-width=\"1184\" data-height=\"1776\" aria-label=\"turisti\u010dka zajednica grada makarske\" role=\"img\" ><\/div>\n\t\t\t\t\t\t\t\t\t\t\t<div class=\"elementor-gallery-item__overlay\"><\/div>\n\t\t\t\t\t\t\t\t\t\t\t\t\t\t<\/a>\n\t\t\t\t\t\t\t<a class=\"e-gallery-item elementor-gallery-item elementor-animated-content\" href=\"https:\/\/makarska-info.hr\/wp-content\/uploads\/2025\/02\/test-1-1.png\" data-elementor-open-lightbox=\"yes\" data-elementor-lightbox-slideshow=\"f975692\" data-elementor-lightbox-title=\"Makarska\" data-e-action-hash=\"#elementor-action%3Aaction%3Dlightbox%26settings%3DeyJpZCI6MTI4NzgsInVybCI6Imh0dHBzOlwvXC9tYWthcnNrYS1pbmZvLmhyXC93cC1jb250ZW50XC91cGxvYWRzXC8yMDI1XC8wMlwvdGVzdC0xLTEucG5nIiwic2xpZGVzaG93IjoiZjk3NTY5MiJ9\">\n\t\t\t\t\t<div class=\"e-gallery-image elementor-gallery-item__image\" data-thumbnail=\"https:\/\/makarska-info.hr\/wp-content\/uploads\/2025\/02\/test-1-1.png\" data-width=\"600\" data-height=\"600\" aria-label=\"turisti\u010dka zajednica grada makarske\" role=\"img\" ><\/div>\n\t\t\t\t\t\t\t\t\t\t\t<div class=\"elementor-gallery-item__overlay\"><\/div>\n\t\t\t\t\t\t\t\t\t\t\t\t\t\t<\/a>\n\t\t\t\t\t\t\t<a class=\"e-gallery-item elementor-gallery-item elementor-animated-content\" href=\"https:\/\/makarska-info.hr\/wp-content\/uploads\/2025\/02\/IMG_6093.jpg\" data-elementor-open-lightbox=\"yes\" data-elementor-lightbox-slideshow=\"f975692\" data-elementor-lightbox-title=\"Makarska\" data-e-action-hash=\"#elementor-action%3Aaction%3Dlightbox%26settings%3DeyJpZCI6MTIzMjYsInVybCI6Imh0dHBzOlwvXC9tYWthcnNrYS1pbmZvLmhyXC93cC1jb250ZW50XC91cGxvYWRzXC8yMDI1XC8wMlwvSU1HXzYwOTMuanBnIiwic2xpZGVzaG93IjoiZjk3NTY5MiJ9\">\n\t\t\t\t\t<div class=\"e-gallery-image elementor-gallery-item__image\" data-thumbnail=\"https:\/\/makarska-info.hr\/wp-content\/uploads\/2025\/02\/IMG_6093.jpg\" data-width=\"2160\" data-height=\"3240\" aria-label=\"turisti\u010dka zajednica grada makarske\" role=\"img\" ><\/div>\n\t\t\t\t\t\t\t\t\t\t\t<div class=\"elementor-gallery-item__overlay\"><\/div>\n\t\t\t\t\t\t\t\t\t\t\t\t\t\t<\/a>\n\t\t\t\t\t\t\t<a class=\"e-gallery-item elementor-gallery-item elementor-animated-content\" href=\"https:\/\/makarska-info.hr\/wp-content\/uploads\/2025\/02\/DSC00679.jpg\" data-elementor-open-lightbox=\"yes\" data-elementor-lightbox-slideshow=\"f975692\" data-elementor-lightbox-title=\"Makarska\" data-e-action-hash=\"#elementor-action%3Aaction%3Dlightbox%26settings%3DeyJpZCI6MTIzNTIsInVybCI6Imh0dHBzOlwvXC9tYWthcnNrYS1pbmZvLmhyXC93cC1jb250ZW50XC91cGxvYWRzXC8yMDI1XC8wMlwvRFNDMDA2NzkuanBnIiwic2xpZGVzaG93IjoiZjk3NTY5MiJ9\">\n\t\t\t\t\t<div class=\"e-gallery-image elementor-gallery-item__image\" data-thumbnail=\"https:\/\/makarska-info.hr\/wp-content\/uploads\/2025\/02\/DSC00679.jpg\" data-width=\"1616\" data-height=\"1080\" aria-label=\"turisti\u010dka zajednica grada makarske biokovo botani\u010dki vrt koti\u0161ina maestrale stortytelling ture\" role=\"img\" ><\/div>\n\t\t\t\t\t\t\t\t\t\t\t<div class=\"elementor-gallery-item__overlay\"><\/div>\n\t\t\t\t\t\t\t\t\t\t\t\t\t\t<\/a>\n\t\t\t\t\t\t\t<a class=\"e-gallery-item elementor-gallery-item elementor-animated-content\" href=\"https:\/\/makarska-info.hr\/wp-content\/uploads\/2025\/01\/IMG_9939.jpg\" data-elementor-open-lightbox=\"yes\" data-elementor-lightbox-slideshow=\"f975692\" data-elementor-lightbox-title=\"Makarska\" data-e-action-hash=\"#elementor-action%3Aaction%3Dlightbox%26settings%3DeyJpZCI6ODE3MCwidXJsIjoiaHR0cHM6XC9cL21ha2Fyc2thLWluZm8uaHJcL3dwLWNvbnRlbnRcL3VwbG9hZHNcLzIwMjVcLzAxXC9JTUdfOTkzOS5qcGciLCJzbGlkZXNob3ciOiJmOTc1NjkyIn0%3D\">\n\t\t\t\t\t<div class=\"e-gallery-image elementor-gallery-item__image\" data-thumbnail=\"https:\/\/makarska-info.hr\/wp-content\/uploads\/2025\/01\/IMG_9939.jpg\" data-width=\"1920\" data-height=\"1280\" aria-label=\"\" role=\"img\" ><\/div>\n\t\t\t\t\t\t\t\t\t\t\t<div class=\"elementor-gallery-item__overlay\"><\/div>\n\t\t\t\t\t\t\t\t\t\t\t\t\t\t<\/a>\n\t\t\t\t\t\t\t<a class=\"e-gallery-item elementor-gallery-item elementor-animated-content\" href=\"https:\/\/makarska-info.hr\/wp-content\/uploads\/2023\/06\/2-scaled.webp\" data-elementor-open-lightbox=\"yes\" data-elementor-lightbox-slideshow=\"f975692\" data-elementor-lightbox-title=\"Makarska\" data-e-action-hash=\"#elementor-action%3Aaction%3Dlightbox%26settings%3DeyJpZCI6ODMxLCJ1cmwiOiJodHRwczpcL1wvbWFrYXJza2EtaW5mby5oclwvd3AtY29udGVudFwvdXBsb2Fkc1wvMjAyM1wvMDZcLzItc2NhbGVkLndlYnAiLCJzbGlkZXNob3ciOiJmOTc1NjkyIn0%3D\">\n\t\t\t\t\t<div class=\"e-gallery-image elementor-gallery-item__image\" data-thumbnail=\"https:\/\/makarska-info.hr\/wp-content\/uploads\/2023\/06\/2-scaled.webp\" data-width=\"2560\" data-height=\"1706\" aria-label=\"\" role=\"img\" ><\/div>\n\t\t\t\t\t\t\t\t\t\t\t<div class=\"elementor-gallery-item__overlay\"><\/div>\n\t\t\t\t\t\t\t\t\t\t\t\t\t\t<\/a>\n\t\t\t\t\t\t\t<a class=\"e-gallery-item elementor-gallery-item elementor-animated-content\" href=\"https:\/\/makarska-info.hr\/wp-content\/uploads\/2023\/06\/25-3-scaled.webp\" data-elementor-open-lightbox=\"yes\" data-elementor-lightbox-slideshow=\"f975692\" data-elementor-lightbox-title=\"Makarska\" data-e-action-hash=\"#elementor-action%3Aaction%3Dlightbox%26settings%3DeyJpZCI6NzIyLCJ1cmwiOiJodHRwczpcL1wvbWFrYXJza2EtaW5mby5oclwvd3AtY29udGVudFwvdXBsb2Fkc1wvMjAyM1wvMDZcLzI1LTMtc2NhbGVkLndlYnAiLCJzbGlkZXNob3ciOiJmOTc1NjkyIn0%3D\">\n\t\t\t\t\t<div class=\"e-gallery-image elementor-gallery-item__image\" data-thumbnail=\"https:\/\/makarska-info.hr\/wp-content\/uploads\/2023\/06\/25-3-scaled.webp\" data-width=\"1709\" data-height=\"2560\" aria-label=\"\" role=\"img\" ><\/div>\n\t\t\t\t\t\t\t\t\t\t\t<div class=\"elementor-gallery-item__overlay\"><\/div>\n\t\t\t\t\t\t\t\t\t\t\t\t\t\t<\/a>\n\t\t\t\t\t\t\t<a class=\"e-gallery-item elementor-gallery-item elementor-animated-content\" href=\"https:\/\/makarska-info.hr\/wp-content\/uploads\/2023\/06\/DSC_2506-2-scaled.webp\" data-elementor-open-lightbox=\"yes\" data-elementor-lightbox-slideshow=\"f975692\" data-elementor-lightbox-title=\"Makarska\" data-e-action-hash=\"#elementor-action%3Aaction%3Dlightbox%26settings%3DeyJpZCI6NjkwLCJ1cmwiOiJodHRwczpcL1wvbWFrYXJza2EtaW5mby5oclwvd3AtY29udGVudFwvdXBsb2Fkc1wvMjAyM1wvMDZcL0RTQ18yNTA2LTItc2NhbGVkLndlYnAiLCJzbGlkZXNob3ciOiJmOTc1NjkyIn0%3D\">\n\t\t\t\t\t<div class=\"e-gallery-image elementor-gallery-item__image\" data-thumbnail=\"https:\/\/makarska-info.hr\/wp-content\/uploads\/2023\/06\/DSC_2506-2-scaled.webp\" data-width=\"1707\" data-height=\"2560\" aria-label=\"\" role=\"img\" ><\/div>\n\t\t\t\t\t\t\t\t\t\t\t<div class=\"elementor-gallery-item__overlay\"><\/div>\n\t\t\t\t\t\t\t\t\t\t\t\t\t\t<\/a>\n\t\t\t\t\t\t\t<a class=\"e-gallery-item elementor-gallery-item elementor-animated-content\" href=\"https:\/\/makarska-info.hr\/wp-content\/uploads\/2025\/02\/IMG_7769-1.jpg\" data-elementor-open-lightbox=\"yes\" data-elementor-lightbox-slideshow=\"f975692\" data-elementor-lightbox-title=\"Makarska\" data-e-action-hash=\"#elementor-action%3Aaction%3Dlightbox%26settings%3DeyJpZCI6MTI4NjMsInVybCI6Imh0dHBzOlwvXC9tYWthcnNrYS1pbmZvLmhyXC93cC1jb250ZW50XC91cGxvYWRzXC8yMDI1XC8wMlwvSU1HXzc3NjktMS5qcGciLCJzbGlkZXNob3ciOiJmOTc1NjkyIn0%3D\">\n\t\t\t\t\t<div class=\"e-gallery-image elementor-gallery-item__image\" data-thumbnail=\"https:\/\/makarska-info.hr\/wp-content\/uploads\/2025\/02\/IMG_7769-1.jpg\" data-width=\"2280\" data-height=\"3420\" aria-label=\"turisti\u010dka zajednica grada makarske\" role=\"img\" ><\/div>\n\t\t\t\t\t\t\t\t\t\t\t<div class=\"elementor-gallery-item__overlay\"><\/div>\n\t\t\t\t\t\t\t\t\t\t\t\t\t\t<\/a>\n\t\t\t\t\t<\/div>\n\t\t\t\t\t<\/div>\n\t\t\t\t<\/div>\n\t\t\t\t<div class=\"elementor-element elementor-element-838756f elementor-align-center elementor-widget elementor-widget-button\" data-id=\"838756f\" data-element_type=\"widget\" data-e-type=\"widget\" data-settings=\"{&quot;_animation&quot;:&quot;none&quot;}\" data-widget_type=\"button.default\">\n\t\t\t\t<div class=\"elementor-widget-container\">\n\t\t\t\t\t\t\t\t\t<div class=\"elementor-button-wrapper\">\n\t\t\t\t\t<a class=\"elementor-button elementor-button-link elementor-size-sm\" href=\"https:\/\/drive.google.com\/drive\/folders\/1funJcxhDM2pOyXaOboFJHakqoCVZh6L5?usp=drive_link\" target=\"_blank\" rel=\"noopener\">\n\t\t\t\t\t\t<span class=\"elementor-button-content-wrapper\">\n\t\t\t\t\t\t\t\t\t<span class=\"elementor-button-text\">DOWNLOAD<\/span>\n\t\t\t\t\t<\/span>\n\t\t\t\t\t<\/a>\n\t\t\t\t<\/div>\n\t\t\t\t\t\t\t\t<\/div>\n\t\t\t\t<\/div>\n\t\t\t\t<div class=\"elementor-element elementor-element-501be0e elementor-widget__width-initial elementor-alert-info elementor-widget elementor-widget-alert\" data-id=\"501be0e\" data-element_type=\"widget\" data-e-type=\"widget\" data-widget_type=\"alert.default\">\n\t\t\t\t<div class=\"elementor-widget-container\">\n\t\t\t\t\t\t\t<div class=\"elementor-alert\" role=\"alert\">\n\n\t\t\t\t\t\t<span class=\"elementor-alert-title\">Terms &amp; Conditions<\/span>\n\t\t\t\n\t\t\t\t\t\t<span class=\"elementor-alert-description\">No photographs taken from this web site may be used for commercial purposes (compiling of tourist guides, postcards, and similar materials intended for direct sale). In case of unauthorised use, authors will take legal action against the user for unauthorized use and violation of copyright. Any person or legal entity reproducing the photographs from these web-pages is obliged to acknowledge and state that they are the property of The Makarska Tourist Board, as well as stating the full name and surname of the author of the photographs.<\/span>\n\t\t\t\n\t\t\t\t\t\t<button type=\"button\" class=\"elementor-alert-dismiss\" aria-label=\"Dismiss this alert.\">\n\t\t\t\t\t\t\t\t\t<span aria-hidden=\"true\">&times;<\/span>\n\t\t\t\t\t\t\t<\/button>\n\t\t\t\n\t\t<\/div>\n\t\t\t\t\t\t<\/div>\n\t\t\t\t<\/div>\n\t\t\t\t\t<\/div>\n\t\t\t\t<\/div>\n\t\t\t\t<\/div>","protected":false},"excerpt":{"rendered":"<p>FOTOGRAFIJE PREUZIMANJE FOTOGRAFIJA Uvjeti kori\u0161tenja Niti jedna fotografija presnimljena sa ovih web stranica ne smije se koristiti u komercijalne svrhe (izrada turisti\u010dkih vodi\u010da, razglednica i sli\u010dnih materijala namijenjenih direktnoj prodaji).&hellip;&nbsp;<a href=\"https:\/\/makarska-info.hr\/en\/photo-press-download\/\" rel=\"bookmark\">Read More &raquo;<span class=\"screen-reader-text\">Photo press\/Download<\/span><\/a><\/p>","protected":false},"author":1,"featured_media":0,"parent":0,"menu_order":0,"comment_status":"closed","ping_status":"closed","template":"","meta":{"neve_meta_sidebar":"","neve_meta_container":"","neve_meta_enable_content_width":"","neve_meta_content_width":0,"neve_meta_title_alignment":"","neve_meta_author_avatar":"","neve_post_elements_order":"","neve_meta_disable_header":"","neve_meta_disable_footer":"","neve_meta_disable_title":"","footnotes":""},"class_list":["post-9372","page","type-page","status-publish","hentry"],"_links":{"self":[{"href":"https:\/\/makarska-info.hr\/en\/wp-json\/wp\/v2\/pages\/9372","targetHints":{"allow":["GET"]}}],"collection":[{"href":"https:\/\/makarska-info.hr\/en\/wp-json\/wp\/v2\/pages"}],"about":[{"href":"https:\/\/makarska-info.hr\/en\/wp-json\/wp\/v2\/types\/page"}],"author":[{"embeddable":true,"href":"https:\/\/makarska-info.hr\/en\/wp-json\/wp\/v2\/users\/1"}],"replies":[{"embeddable":true,"href":"https:\/\/makarska-info.hr\/en\/wp-json\/wp\/v2\/comments?post=9372"}],"version-history":[{"count":94,"href":"https:\/\/makarska-info.hr\/en\/wp-json\/wp\/v2\/pages\/9372\/revisions"}],"predecessor-version":[{"id":22536,"href":"https:\/\/makarska-info.hr\/en\/wp-json\/wp\/v2\/pages\/9372\/revisions\/22536"}],"wp:attachment":[{"href":"https:\/\/makarska-info.hr\/en\/wp-json\/wp\/v2\/media?parent=9372"}],"curies":[{"name":"wp","href":"https:\/\/api.w.org\/{rel}","templated":true}]}}